{"id":12,"date":"2018-05-18T09:15:43","date_gmt":"2018-05-18T09:15:43","guid":{"rendered":"http:\/\/shawue.de\/?page_id=12"},"modified":"2026-05-06T11:45:35","modified_gmt":"2026-05-06T09:45:35","slug":"band","status":"publish","type":"page","link":"https:\/\/www.shawue.de\/?page_id=12","title":{"rendered":"Band"},"content":{"rendered":"\t\t<div data-elementor-type=\"wp-page\" data-elementor-id=\"12\" class=\"elementor elementor-12\" data-elementor-post-type=\"page\">\n\t\t\t\t\t\t<section class=\"elementor-section elementor-top-section elementor-element elementor-element-a2e0b61 elementor-section-boxed elementor-section-height-default elementor-section-height-default\" data-id=\"a2e0b61\" data-element_type=\"section\" data-e-type=\"section\" data-settings=\"{&quot;shape_divider_top&quot;:&quot;pyramids&quot;,&quot;shape_divider_top_negative&quot;:&quot;yes&quot;}\">\n\t\t\t\t\t<div class=\"elementor-shape elementor-shape-top\" aria-hidden=\"true\" data-negative=\"true\">\n\t\t\t<svg xmlns=\"http:\/\/www.w3.org\/2000\/svg\" viewBox=\"0 0 1000 100\" preserveAspectRatio=\"none\">\n\t<path class=\"elementor-shape-fill\" d=\"M761.9,40.6L643.1,24L333.9,93.8L0.1,1H0v99h1000V1\"\/>\n<\/svg>\t\t<\/div>\n\t\t\t\t\t<div class=\"elementor-container elementor-column-gap-default\">\n\t\t\t\t\t<div class=\"elementor-column elementor-col-100 elementor-top-column elementor-element elementor-element-913a6c0\" data-id=\"913a6c0\" data-element_type=\"column\" data-e-type=\"column\">\n\t\t\t<div class=\"elementor-widget-wrap elementor-element-populated\">\n\t\t\t\t\t\t<div class=\"elementor-element elementor-element-d4a7ab0 elementor-widget elementor-widget-spacer\" data-id=\"d4a7ab0\" data-element_type=\"widget\" data-e-type=\"widget\" data-widget_type=\"spacer.default\">\n\t\t\t\t<div class=\"elementor-widget-container\">\n\t\t\t\t\t\t\t<div class=\"elementor-spacer\">\n\t\t\t<div class=\"elementor-spacer-inner\"><\/div>\n\t\t<\/div>\n\t\t\t\t\t\t<\/div>\n\t\t\t\t<\/div>\n\t\t\t\t<section class=\"elementor-section elementor-inner-section elementor-element elementor-element-4f7f7c7 elementor-section-boxed elementor-section-height-default elementor-section-height-default\" data-id=\"4f7f7c7\" data-element_type=\"section\" data-e-type=\"section\">\n\t\t\t\t\t\t<div class=\"elementor-container elementor-column-gap-default\">\n\t\t\t\t\t<div class=\"elementor-column elementor-col-50 elementor-inner-column elementor-element elementor-element-ba8f8a2\" data-id=\"ba8f8a2\" data-element_type=\"column\" data-e-type=\"column\">\n\t\t\t<div class=\"elementor-widget-wrap elementor-element-populated\">\n\t\t\t\t\t\t<div class=\"elementor-element elementor-element-b389693 elementor-widget elementor-widget-image\" data-id=\"b389693\" data-element_type=\"widget\" data-e-type=\"widget\" data-widget_type=\"image.default\">\n\t\t\t\t<div class=\"elementor-widget-container\">\n\t\t\t\t\t\t\t\t\t\t\t\t\t\t\t<img fetchpriority=\"high\" decoding=\"async\" width=\"600\" height=\"400\" src=\"https:\/\/www.shawue.de\/wp-content\/uploads\/2023\/05\/Shawue-web-600x400-1.webp\" class=\"attachment-large size-large wp-image-4654\" alt=\"\" srcset=\"https:\/\/www.shawue.de\/wp-content\/uploads\/2023\/05\/Shawue-web-600x400-1.webp 600w, https:\/\/www.shawue.de\/wp-content\/uploads\/2023\/05\/Shawue-web-600x400-1-300x200.webp 300w\" sizes=\"(max-width: 600px) 100vw, 600px\" \/>\t\t\t\t\t\t\t\t\t\t\t\t\t\t\t<\/div>\n\t\t\t\t<\/div>\n\t\t\t\t\t<\/div>\n\t\t<\/div>\n\t\t\t\t<div class=\"elementor-column elementor-col-50 elementor-inner-column elementor-element elementor-element-f7e77df\" data-id=\"f7e77df\" data-element_type=\"column\" data-e-type=\"column\">\n\t\t\t<div class=\"elementor-widget-wrap elementor-element-populated\">\n\t\t\t\t\t\t<div class=\"elementor-element elementor-element-d1dc988 elementor-widget elementor-widget-heading\" data-id=\"d1dc988\" data-element_type=\"widget\" data-e-type=\"widget\" data-widget_type=\"heading.default\">\n\t\t\t\t<div class=\"elementor-widget-container\">\n\t\t\t\t\t<h2 class=\"elementor-heading-title elementor-size-default\">Der Rock 'n 'Roll ...<\/h2>\t\t\t\t<\/div>\n\t\t\t\t<\/div>\n\t\t\t\t<div class=\"elementor-element elementor-element-e729f3f elementor-widget elementor-widget-text-editor\" data-id=\"e729f3f\" data-element_type=\"widget\" data-e-type=\"widget\" data-widget_type=\"text-editor.default\">\n\t\t\t\t<div class=\"elementor-widget-container\">\n\t\t\t\t\t\t\t\t\t<p>&#8230; in seinen Farben und Graut\u00f6nen, mit seinen Launen, seinem Schreien, seinem Fl\u00fcstern, seinem Halleluja und seiner Melancholie\u00a0<span style=\"color: var( --e-global-color-text ); letter-spacing: 0.35px; background-color: var( --e-global-color-2c907a5 );\">treibt den\u00a0Folk von uns an.<\/span><\/p>\n<p><strong>Folkrock<\/strong><\/p>\n<p>MIT EINER GUTEN PORTION GRUNGE, BLUES ODER PUNK,<\/p>\n<p>der sagt, was gesagt werden muss.<\/p>\t\t\t\t\t\t\t\t<\/div>\n\t\t\t\t<\/div>\n\t\t\t\t\t<\/div>\n\t\t<\/div>\n\t\t\t\t\t<\/div>\n\t\t<\/section>\n\t\t\t\t\t<\/div>\n\t\t<\/div>\n\t\t\t\t\t<\/div>\n\t\t<\/section>\n\t\t\t\t<section class=\"elementor-section elementor-top-section elementor-element elementor-element-e9acb36 elementor-section-boxed elementor-section-height-default elementor-section-height-default\" data-id=\"e9acb36\" data-element_type=\"section\" data-e-type=\"section\">\n\t\t\t\t\t\t<div class=\"elementor-container elementor-column-gap-default\">\n\t\t\t\t\t<div class=\"elementor-column elementor-col-100 elementor-top-column elementor-element elementor-element-d6cdb98\" data-id=\"d6cdb98\" data-element_type=\"column\" data-e-type=\"column\">\n\t\t\t<div class=\"elementor-widget-wrap elementor-element-populated\">\n\t\t\t\t\t\t<div class=\"elementor-element elementor-element-8c234e8 elementor-widget elementor-widget-spacer\" data-id=\"8c234e8\" data-element_type=\"widget\" data-e-type=\"widget\" data-widget_type=\"spacer.default\">\n\t\t\t\t<div class=\"elementor-widget-container\">\n\t\t\t\t\t\t\t<div class=\"elementor-spacer\">\n\t\t\t<div class=\"elementor-spacer-inner\"><\/div>\n\t\t<\/div>\n\t\t\t\t\t\t<\/div>\n\t\t\t\t<\/div>\n\t\t\t\t<section class=\"elementor-section elementor-inner-section elementor-element elementor-element-e670eff elementor-section-boxed elementor-section-height-default elementor-section-height-default\" data-id=\"e670eff\" data-element_type=\"section\" data-e-type=\"section\">\n\t\t\t\t\t\t<div class=\"elementor-container elementor-column-gap-default\">\n\t\t\t\t\t<div class=\"elementor-column elementor-col-50 elementor-inner-column elementor-element elementor-element-8362755\" data-id=\"8362755\" data-element_type=\"column\" data-e-type=\"column\">\n\t\t\t<div class=\"elementor-widget-wrap elementor-element-populated\">\n\t\t\t\t\t\t<div class=\"elementor-element elementor-element-243b68d elementor-widget elementor-widget-heading\" data-id=\"243b68d\" data-element_type=\"widget\" data-e-type=\"widget\" data-widget_type=\"heading.default\">\n\t\t\t\t<div class=\"elementor-widget-container\">\n\t\t\t\t\t<h2 class=\"elementor-heading-title elementor-size-default\">1987 ...<\/h2>\t\t\t\t<\/div>\n\t\t\t\t<\/div>\n\t\t\t\t<div class=\"elementor-element elementor-element-d886740 elementor-widget elementor-widget-text-editor\" data-id=\"d886740\" data-element_type=\"widget\" data-e-type=\"widget\" data-widget_type=\"text-editor.default\">\n\t\t\t\t<div class=\"elementor-widget-container\">\n\t\t\t\t\t\t\t\t\t<p class=\"has-text-align-center\" style=\"text-align: left;\">&#8230; gr\u00fcndeten f\u00fcnf junge Musiker aus Cottbus die Rockband <strong>\u201eD\u00e9j\u00e0-vu\u201c<\/strong>.<\/p>\n<p class=\"has-text-align-center\" style=\"text-align: left;\">Wir hatten das Ziel etwas Eigenst\u00e4ndiges, eigene Musik, mit einem unverwechselbaren Stil zu schaffen und damit m\u00f6glichst viele Menschen zu erfreuen. Was uns schlie\u00dflich gelang, auch wenn es nicht immer einfach war.<\/p>\n<p class=\"has-text-align-center\" style=\"text-align: left;\">In den Jahren blieb nat\u00fcrlich nichts wie es war. Die Band zog von Cottbus nach Luckau, der Bandname \u00e4nderte sich &#8211; aus <strong>\u201eD\u00e9j\u00e0-vu\u201c<\/strong>&nbsp;wurde<strong>&nbsp;\u201eShawue\u201c&nbsp;<\/strong>und von den ehemaligen Gr\u00fcndungsmitgliedern blieb nur Lutz Neumann \u00fcbrig.<\/p>\n<p class=\"has-text-align-center\" style=\"text-align: left;\">\n<\/p>\t\t\t\t\t\t\t\t<\/div>\n\t\t\t\t<\/div>\n\t\t\t\t<div class=\"elementor-element elementor-element-ee8466c elementor-widget elementor-widget-heading\" data-id=\"ee8466c\" data-element_type=\"widget\" data-e-type=\"widget\" data-widget_type=\"heading.default\">\n\t\t\t\t<div class=\"elementor-widget-container\">\n\t\t\t\t\t<h2 class=\"elementor-heading-title elementor-size-default\">Doch eines ist geblieben, die Musik: \nEin melodi\u00f6ser Folkrock mit deutschen Texten<\/h2>\t\t\t\t<\/div>\n\t\t\t\t<\/div>\n\t\t\t\t\t<\/div>\n\t\t<\/div>\n\t\t\t\t<div class=\"elementor-column elementor-col-50 elementor-inner-column elementor-element elementor-element-a09de41\" data-id=\"a09de41\" data-element_type=\"column\" data-e-type=\"column\">\n\t\t\t<div class=\"elementor-widget-wrap elementor-element-populated\">\n\t\t\t\t\t\t<div class=\"elementor-element elementor-element-c70236b elementor-widget elementor-widget-image\" data-id=\"c70236b\" data-element_type=\"widget\" data-e-type=\"widget\" data-widget_type=\"image.default\">\n\t\t\t\t<div class=\"elementor-widget-container\">\n\t\t\t\t\t\t\t\t\t\t\t\t\t\t\t<img decoding=\"async\" width=\"800\" height=\"567\" src=\"https:\/\/www.shawue.de\/wp-content\/uploads\/2023\/06\/Erste-Shawue-Besetzung.webp\" class=\"attachment-large size-large wp-image-4934\" alt=\"\" srcset=\"https:\/\/www.shawue.de\/wp-content\/uploads\/2023\/06\/Erste-Shawue-Besetzung.webp 800w, https:\/\/www.shawue.de\/wp-content\/uploads\/2023\/06\/Erste-Shawue-Besetzung-300x213.webp 300w, https:\/\/www.shawue.de\/wp-content\/uploads\/2023\/06\/Erste-Shawue-Besetzung-768x544.webp 768w, https:\/\/www.shawue.de\/wp-content\/uploads\/2023\/06\/Erste-Shawue-Besetzung-600x425.webp 600w\" sizes=\"(max-width: 800px) 100vw, 800px\" \/>\t\t\t\t\t\t\t\t\t\t\t\t\t\t\t<\/div>\n\t\t\t\t<\/div>\n\t\t\t\t\t<\/div>\n\t\t<\/div>\n\t\t\t\t\t<\/div>\n\t\t<\/section>\n\t\t\t\t\t<\/div>\n\t\t<\/div>\n\t\t\t\t\t<\/div>\n\t\t<\/section>\n\t\t\t\t<section class=\"elementor-section elementor-top-section elementor-element elementor-element-9c43a0a elementor-section-boxed elementor-section-height-default elementor-section-height-default\" data-id=\"9c43a0a\" data-element_type=\"section\" data-e-type=\"section\" data-settings=\"{&quot;shape_divider_bottom&quot;:&quot;pyramids&quot;}\">\n\t\t\t\t\t<div class=\"elementor-shape elementor-shape-bottom\" aria-hidden=\"true\" data-negative=\"false\">\n\t\t\t<svg xmlns=\"http:\/\/www.w3.org\/2000\/svg\" viewBox=\"0 0 1000 100\" preserveAspectRatio=\"none\">\n\t<path class=\"elementor-shape-fill\" d=\"M761.9,44.1L643.1,27.2L333.8,98L0,3.8V0l1000,0v3.9\"\/>\n<\/svg>\t\t<\/div>\n\t\t\t\t\t<div class=\"elementor-container elementor-column-gap-default\">\n\t\t\t\t\t<div class=\"elementor-column elementor-col-100 elementor-top-column elementor-element elementor-element-58e4e99\" data-id=\"58e4e99\" data-element_type=\"column\" data-e-type=\"column\">\n\t\t\t<div class=\"elementor-widget-wrap elementor-element-populated\">\n\t\t\t\t\t\t<div class=\"elementor-element elementor-element-c0066a0 elementor-widget elementor-widget-spacer\" data-id=\"c0066a0\" data-element_type=\"widget\" data-e-type=\"widget\" data-widget_type=\"spacer.default\">\n\t\t\t\t<div class=\"elementor-widget-container\">\n\t\t\t\t\t\t\t<div class=\"elementor-spacer\">\n\t\t\t<div class=\"elementor-spacer-inner\"><\/div>\n\t\t<\/div>\n\t\t\t\t\t\t<\/div>\n\t\t\t\t<\/div>\n\t\t\t\t<section class=\"elementor-section elementor-inner-section elementor-element elementor-element-c4596cb elementor-section-boxed elementor-section-height-default elementor-section-height-default\" data-id=\"c4596cb\" data-element_type=\"section\" data-e-type=\"section\">\n\t\t\t\t\t\t<div class=\"elementor-container elementor-column-gap-default\">\n\t\t\t\t\t<div class=\"elementor-column elementor-col-50 elementor-inner-column elementor-element elementor-element-46eb208\" data-id=\"46eb208\" data-element_type=\"column\" data-e-type=\"column\">\n\t\t\t<div class=\"elementor-widget-wrap elementor-element-populated\">\n\t\t\t\t\t\t<div class=\"elementor-element elementor-element-0456f30 elementor-widget elementor-widget-image\" data-id=\"0456f30\" data-element_type=\"widget\" data-e-type=\"widget\" data-widget_type=\"image.default\">\n\t\t\t\t<div class=\"elementor-widget-container\">\n\t\t\t\t\t\t\t\t\t\t\t\t\t\t\t<img decoding=\"async\" width=\"768\" height=\"1024\" src=\"https:\/\/www.shawue.de\/wp-content\/uploads\/2023\/05\/12.webp\" class=\"attachment-large size-large wp-image-4706\" alt=\"\" srcset=\"https:\/\/www.shawue.de\/wp-content\/uploads\/2023\/05\/12.webp 768w, https:\/\/www.shawue.de\/wp-content\/uploads\/2023\/05\/12-225x300.webp 225w, https:\/\/www.shawue.de\/wp-content\/uploads\/2023\/05\/12-600x800.webp 600w\" sizes=\"(max-width: 768px) 100vw, 768px\" \/>\t\t\t\t\t\t\t\t\t\t\t\t\t\t\t<\/div>\n\t\t\t\t<\/div>\n\t\t\t\t\t<\/div>\n\t\t<\/div>\n\t\t\t\t<div class=\"elementor-column elementor-col-50 elementor-inner-column elementor-element elementor-element-d93a033\" data-id=\"d93a033\" data-element_type=\"column\" data-e-type=\"column\">\n\t\t\t<div class=\"elementor-widget-wrap elementor-element-populated\">\n\t\t\t\t\t\t<div class=\"elementor-element elementor-element-2713fff elementor-widget elementor-widget-heading\" data-id=\"2713fff\" data-element_type=\"widget\" data-e-type=\"widget\" data-widget_type=\"heading.default\">\n\t\t\t\t<div class=\"elementor-widget-container\">\n\t\t\t\t\t<h2 class=\"elementor-heading-title elementor-size-default\">Im Studio ...<\/h2>\t\t\t\t<\/div>\n\t\t\t\t<\/div>\n\t\t\t\t<div class=\"elementor-element elementor-element-67a79b3 elementor-widget elementor-widget-text-editor\" data-id=\"67a79b3\" data-element_type=\"widget\" data-e-type=\"widget\" data-widget_type=\"text-editor.default\">\n\t\t\t\t<div class=\"elementor-widget-container\">\n\t\t\t\t\t\t\t\t\t<p>&#8230; und auch auf der B\u00fchne setzen wir bei <strong>Shawue<\/strong> nicht nur auf die klassischen Rockinstrumente, sondern erweitert den Sound durch Violine, Ukulele, Mundharmonika oder der Mandoline uvm.<\/p>\n<p>Vor allem die Mandoline (von Lutz Neumann meisterhaft gespielt) hat das Klangbild von uns geformt.<\/p>\n<p>Von Anfang an wurde die Musik von <strong>Shawue <\/strong>mit deutschsprachigen Texten (in denen es liebevoll, kritisch, ironisch, melancholisch, witzig, nachdenklich und manchmal auch anklagend zugeht) versehen.<\/p>\n<p>Es sind die KLEINEN und GROSSEN Geschichten, wie sie jedem von uns begegnen.<\/p>\n<p>Selbst Lieder von K\u00fcnstlern, wie z.B. Bob Dylan, Tom Waits, Bryan Adams oder Neil Young\u00a0 wurden mit eigenen deutschsprachigen Texten versehen.<\/p>\n<p><!-- \/wp:paragraph --><\/p>\n<p><!-- wp:paragraph {\"align\":\"center\"} --><\/p>\n<p class=\"has-text-align-center\" style=\"text-align: left;\">Inzwischen geh\u00f6ren wir zu den wenigen Rockbands aus Brandenburg, die es geschafft haben, sich mit ihrer Musik weit \u00fcber die Landesgrenzen hinaus Geh\u00f6r zu verschaffen. Sicherlich sind einige Lieder auch im Radio zu h\u00f6ren, doch richtig bekannt wurden wir als Folkrockband durch die Live-Auftritte.\u00a0<\/p>\n<p class=\"has-text-align-center\" style=\"text-align: left;\">Unsere Konzerte sind nicht nur einzigartig, sondern immer von gro\u00dfer Spiellust Musiker gepr\u00e4gt.<\/p>\n<p class=\"has-text-align-center\" style=\"text-align: left;\">Nicht selten nimmt so mancher Konzertbesucher seinen pers\u00f6nlichen <strong>Shawue<\/strong> <strong>-Song<\/strong> mit nachhause.<\/p>\n<p style=\"text-align: left;\"><!-- \/wp:paragraph --><\/p>\n<p style=\"text-align: left;\"><!-- wp:paragraph {\"align\":\"center\"} --><\/p>\n<p style=\"text-align: left;\"><!-- \/wp:paragraph --><\/p>\n<p style=\"text-align: left;\"><!-- wp:paragraph {\"align\":\"center\"} --><\/p>\n<p class=\"has-text-align-center\" style=\"text-align: left;\">\u00a0<\/p>\t\t\t\t\t\t\t\t<\/div>\n\t\t\t\t<\/div>\n\t\t\t\t<div class=\"elementor-element elementor-element-969749b elementor-widget elementor-widget-heading\" data-id=\"969749b\" data-element_type=\"widget\" data-e-type=\"widget\" data-widget_type=\"heading.default\">\n\t\t\t\t<div class=\"elementor-widget-container\">\n\t\t\t\t\t<h2 class=\"elementor-heading-title elementor-size-default\">\"Was bleibt, was bleibt ist eine kleine Melodie ...\"<\/h2>\t\t\t\t<\/div>\n\t\t\t\t<\/div>\n\t\t\t\t\t<\/div>\n\t\t<\/div>\n\t\t\t\t\t<\/div>\n\t\t<\/section>\n\t\t\t\t\t<\/div>\n\t\t<\/div>\n\t\t\t\t\t<\/div>\n\t\t<\/section>\n\t\t\t\t<section class=\"elementor-section elementor-top-section elementor-element elementor-element-eefe34b elementor-section-boxed elementor-section-height-default elementor-section-height-default\" data-id=\"eefe34b\" data-element_type=\"section\" data-e-type=\"section\">\n\t\t\t\t\t\t<div class=\"elementor-container elementor-column-gap-default\">\n\t\t\t\t\t<div class=\"elementor-column elementor-col-100 elementor-top-column elementor-element elementor-element-40ece1f\" data-id=\"40ece1f\" data-element_type=\"column\" data-e-type=\"column\">\n\t\t\t<div class=\"elementor-widget-wrap elementor-element-populated\">\n\t\t\t\t\t\t<div class=\"elementor-element elementor-element-4725f39 elementor-widget__width-initial elementor-widget elementor-widget-heading\" data-id=\"4725f39\" data-element_type=\"widget\" data-e-type=\"widget\" data-widget_type=\"heading.default\">\n\t\t\t\t<div class=\"elementor-widget-container\">\n\t\t\t\t\t<h3 class=\"elementor-heading-title elementor-size-xxl\"><a href=\"https:\/\/www.norush-webzine.com\/post\/shawue-die-bandbiografie\"><br>\"No Rush\" <br><br>Die Shawue - Biographie<br><br> \n noch ausf\u00fchrlicher<br> <br>\nnoch pers\u00f6nlicher <br>     <br>        <\/a><\/h3>\t\t\t\t<\/div>\n\t\t\t\t<\/div>\n\t\t\t\t\t<\/div>\n\t\t<\/div>\n\t\t\t\t\t<\/div>\n\t\t<\/section>\n\t\t\t\t<section class=\"elementor-section elementor-top-section elementor-element elementor-element-4934b84 elementor-section-boxed elementor-section-height-default elementor-section-height-default\" data-id=\"4934b84\" data-element_type=\"section\" data-e-type=\"section\">\n\t\t\t\t\t\t<div class=\"elementor-container elementor-column-gap-default\">\n\t\t\t\t\t<div class=\"elementor-column elementor-col-100 elementor-top-column elementor-element elementor-element-597ee30\" data-id=\"597ee30\" data-element_type=\"column\" data-e-type=\"column\">\n\t\t\t<div class=\"elementor-widget-wrap elementor-element-populated\">\n\t\t\t\t\t\t<div class=\"elementor-element elementor-element-196df2e elementor-widget elementor-widget-image\" data-id=\"196df2e\" data-element_type=\"widget\" data-e-type=\"widget\" data-widget_type=\"image.default\">\n\t\t\t\t<div class=\"elementor-widget-container\">\n\t\t\t\t\t\t\t\t\t\t\t\t<figure class=\"wp-caption\">\n\t\t\t\t\t\t\t\t\t\t\t<a href=\"https:\/\/www.norush-webzine.com\/post\/shawue-die-bandbiografie\">\n\t\t\t\t\t\t\t<img loading=\"lazy\" decoding=\"async\" width=\"800\" height=\"397\" src=\"https:\/\/www.shawue.de\/wp-content\/uploads\/2024\/10\/20240823-Shawue-wbg_33-1024x508.jpg\" class=\"attachment-large size-large wp-image-6144\" alt=\"\" srcset=\"https:\/\/www.shawue.de\/wp-content\/uploads\/2024\/10\/20240823-Shawue-wbg_33-1024x508.jpg 1024w, https:\/\/www.shawue.de\/wp-content\/uploads\/2024\/10\/20240823-Shawue-wbg_33-300x149.jpg 300w, https:\/\/www.shawue.de\/wp-content\/uploads\/2024\/10\/20240823-Shawue-wbg_33-768x381.jpg 768w, https:\/\/www.shawue.de\/wp-content\/uploads\/2024\/10\/20240823-Shawue-wbg_33-1536x762.jpg 1536w, https:\/\/www.shawue.de\/wp-content\/uploads\/2024\/10\/20240823-Shawue-wbg_33-2048x1015.jpg 2048w, https:\/\/www.shawue.de\/wp-content\/uploads\/2024\/10\/20240823-Shawue-wbg_33-600x298.jpg 600w\" sizes=\"(max-width: 800px) 100vw, 800px\" \/>\t\t\t\t\t\t\t\t<\/a>\n\t\t\t\t\t\t\t\t\t\t\t<figcaption class=\"widget-image-caption wp-caption-text\">Shawue \"Rock im Wald\" 2024<\/figcaption>\n\t\t\t\t\t\t\t\t\t\t<\/figure>\n\t\t\t\t\t\t\t\t\t<\/div>\n\t\t\t\t<\/div>\n\t\t\t\t\t<\/div>\n\t\t<\/div>\n\t\t\t\t\t<\/div>\n\t\t<\/section>\n\t\t\t\t<\/div>\n\t\t","protected":false},"excerpt":{"rendered":"<p>Der Rock &#8217;n &#8218;Roll &#8230; &#8230; in seinen Farben und Graut\u00f6nen, mit seinen Launen, seinem Schreien, seinem Fl\u00fcstern, seinem Halleluja und seiner Melancholie\u00a0treibt den\u00a0Folk von uns an. Folkrock MIT EINER [&hellip;]<\/p>\n","protected":false},"author":1,"featured_media":0,"parent":0,"menu_order":0,"comment_status":"closed","ping_status":"closed","template":"","meta":{"footnotes":""},"class_list":["post-12","page","type-page","status-publish","hentry"],"_links":{"self":[{"href":"https:\/\/www.shawue.de\/index.php?rest_route=\/wp\/v2\/pages\/12","targetHints":{"allow":["GET"]}}],"collection":[{"href":"https:\/\/www.shawue.de\/index.php?rest_route=\/wp\/v2\/pages"}],"about":[{"href":"https:\/\/www.shawue.de\/index.php?rest_route=\/wp\/v2\/types\/page"}],"author":[{"embeddable":true,"href":"https:\/\/www.shawue.de\/index.php?rest_route=\/wp\/v2\/users\/1"}],"replies":[{"embeddable":true,"href":"https:\/\/www.shawue.de\/index.php?rest_route=%2Fwp%2Fv2%2Fcomments&post=12"}],"version-history":[{"count":40,"href":"https:\/\/www.shawue.de\/index.php?rest_route=\/wp\/v2\/pages\/12\/revisions"}],"predecessor-version":[{"id":6989,"href":"https:\/\/www.shawue.de\/index.php?rest_route=\/wp\/v2\/pages\/12\/revisions\/6989"}],"wp:attachment":[{"href":"https:\/\/www.shawue.de\/index.php?rest_route=%2Fwp%2Fv2%2Fmedia&parent=12"}],"curies":[{"name":"wp","href":"https:\/\/api.w.org\/{rel}","templated":true}]}}