{"id":22,"date":"2018-05-18T09:27:38","date_gmt":"2018-05-18T09:27:38","guid":{"rendered":"http:\/\/shawue.de\/?page_id=22"},"modified":"2023-06-12T10:17:39","modified_gmt":"2023-06-12T08:17:39","slug":"lutz-de-shawue","status":"publish","type":"page","link":"https:\/\/www.shawue.de\/?page_id=22","title":{"rendered":"de Shawue"},"content":{"rendered":"\t\t<div data-elementor-type=\"wp-page\" data-elementor-id=\"22\" class=\"elementor elementor-22\" data-elementor-post-type=\"page\">\n\t\t\t\t\t\t<section class=\"elementor-section elementor-top-section elementor-element elementor-element-9ca8b0c elementor-section-boxed elementor-section-height-default elementor-section-height-default\" data-id=\"9ca8b0c\" data-element_type=\"section\" data-e-type=\"section\">\n\t\t\t\t\t\t<div class=\"elementor-container elementor-column-gap-default\">\n\t\t\t\t\t<div class=\"elementor-column elementor-col-100 elementor-top-column elementor-element elementor-element-7f0cdfb\" data-id=\"7f0cdfb\" data-element_type=\"column\" data-e-type=\"column\">\n\t\t\t<div class=\"elementor-widget-wrap elementor-element-populated\">\n\t\t\t\t\t\t<div class=\"elementor-element elementor-element-e510cbd elementor-widget elementor-widget-spacer\" data-id=\"e510cbd\" data-element_type=\"widget\" data-e-type=\"widget\" data-widget_type=\"spacer.default\">\n\t\t\t\t<div class=\"elementor-widget-container\">\n\t\t\t\t\t\t\t<div class=\"elementor-spacer\">\n\t\t\t<div class=\"elementor-spacer-inner\"><\/div>\n\t\t<\/div>\n\t\t\t\t\t\t<\/div>\n\t\t\t\t<\/div>\n\t\t\t\t<div class=\"elementor-element elementor-element-b63535c elementor-widget elementor-widget-heading\" data-id=\"b63535c\" data-element_type=\"widget\" data-e-type=\"widget\" data-widget_type=\"heading.default\">\n\t\t\t\t<div class=\"elementor-widget-container\">\n\t\t\t\t\t<h2 class=\"elementor-heading-title elementor-size-default\">de Shawue<\/h2>\t\t\t\t<\/div>\n\t\t\t\t<\/div>\n\t\t\t\t<div class=\"elementor-element elementor-element-2568fde elementor-widget elementor-widget-spacer\" data-id=\"2568fde\" data-element_type=\"widget\" data-e-type=\"widget\" data-widget_type=\"spacer.default\">\n\t\t\t\t<div class=\"elementor-widget-container\">\n\t\t\t\t\t\t\t<div class=\"elementor-spacer\">\n\t\t\t<div class=\"elementor-spacer-inner\"><\/div>\n\t\t<\/div>\n\t\t\t\t\t\t<\/div>\n\t\t\t\t<\/div>\n\t\t\t\t<section class=\"elementor-section elementor-inner-section elementor-element elementor-element-8350813 elementor-section-boxed elementor-section-height-default elementor-section-height-default\" data-id=\"8350813\" data-element_type=\"section\" data-e-type=\"section\">\n\t\t\t\t\t\t<div class=\"elementor-container elementor-column-gap-default\">\n\t\t\t\t\t<div class=\"elementor-column elementor-col-50 elementor-inner-column elementor-element elementor-element-735bb12\" data-id=\"735bb12\" data-element_type=\"column\" data-e-type=\"column\">\n\t\t\t<div class=\"elementor-widget-wrap elementor-element-populated\">\n\t\t\t\t\t\t<div class=\"elementor-element elementor-element-9fcf77d elementor-widget elementor-widget-image\" data-id=\"9fcf77d\" data-element_type=\"widget\" data-e-type=\"widget\" data-widget_type=\"image.default\">\n\t\t\t\t<div class=\"elementor-widget-container\">\n\t\t\t\t\t\t\t\t\t\t\t\t\t\t\t<img fetchpriority=\"high\" decoding=\"async\" width=\"800\" height=\"533\" src=\"https:\/\/www.shawue.de\/wp-content\/uploads\/2018\/05\/Webseite-1.jpg\" class=\"attachment-large size-large wp-image-50\" alt=\"\" srcset=\"https:\/\/www.shawue.de\/wp-content\/uploads\/2018\/05\/Webseite-1.jpg 800w, https:\/\/www.shawue.de\/wp-content\/uploads\/2018\/05\/Webseite-1-600x400.jpg 600w, https:\/\/www.shawue.de\/wp-content\/uploads\/2018\/05\/Webseite-1-300x200.jpg 300w, https:\/\/www.shawue.de\/wp-content\/uploads\/2018\/05\/Webseite-1-768x512.jpg 768w\" sizes=\"(max-width: 800px) 100vw, 800px\" \/>\t\t\t\t\t\t\t\t\t\t\t\t\t\t\t<\/div>\n\t\t\t\t<\/div>\n\t\t\t\t\t<\/div>\n\t\t<\/div>\n\t\t\t\t<div class=\"elementor-column elementor-col-50 elementor-inner-column elementor-element elementor-element-47e7bd5\" data-id=\"47e7bd5\" data-element_type=\"column\" data-e-type=\"column\">\n\t\t\t<div class=\"elementor-widget-wrap elementor-element-populated\">\n\t\t\t\t\t\t<div class=\"elementor-element elementor-element-d6145b9 elementor-widget elementor-widget-heading\" data-id=\"d6145b9\" data-element_type=\"widget\" data-e-type=\"widget\" data-widget_type=\"heading.default\">\n\t\t\t\t<div class=\"elementor-widget-container\">\n\t\t\t\t\t<h2 class=\"elementor-heading-title elementor-size-default\">de Shawue\u00a0oder doch D\u00e9j\u00e0 vu?<\/h2>\t\t\t\t<\/div>\n\t\t\t\t<\/div>\n\t\t\t\t<div class=\"elementor-element elementor-element-1502aca elementor-widget elementor-widget-text-editor\" data-id=\"1502aca\" data-element_type=\"widget\" data-e-type=\"widget\" data-widget_type=\"text-editor.default\">\n\t\t\t\t<div class=\"elementor-widget-container\">\n\t\t\t\t\t\t\t\t\t<p>Wer <strong><em>de Shawue<\/em><\/strong> liest, k\u00f6nnte sich durchaus berechtigt die Frage stellen: &#8222;Wird <strong><em>de Shawue<\/em><\/strong> nicht anders geschrieben?\u201c\u00a0 Na klar, aber nur wenn es um die Sinnest\u00e4uschung geht. Nicht wenn man die Musik von <strong>Lutz und Heike<\/strong> meint. Beide sind fester Bestandteil der Folkrockband <strong><em>Shawue<\/em><\/strong> und spielen nat\u00fcrlich die Lieder ihrer Band. So gesehen, k\u00f6nnte es schon zu einen D\u00e9j\u00e0-vu kommen.<\/p>\t\t\t\t\t\t\t\t<\/div>\n\t\t\t\t<\/div>\n\t\t\t\t<div class=\"elementor-element elementor-element-b4474fb elementor-widget elementor-widget-heading\" data-id=\"b4474fb\" data-element_type=\"widget\" data-e-type=\"widget\" data-widget_type=\"heading.default\">\n\t\t\t\t<div class=\"elementor-widget-container\">\n\t\t\t\t\t<h2 class=\"elementor-heading-title elementor-size-default\">Aus \"Lutz de Shawue &amp; Heike\" wird \"de Shawue\"<\/h2>\t\t\t\t<\/div>\n\t\t\t\t<\/div>\n\t\t\t\t<div class=\"elementor-element elementor-element-8a52ba4 elementor-widget elementor-widget-text-editor\" data-id=\"8a52ba4\" data-element_type=\"widget\" data-e-type=\"widget\" data-widget_type=\"text-editor.default\">\n\t\t\t\t<div class=\"elementor-widget-container\">\n\t\t\t\t\t\t\t\t\t<p>Lutz ist nicht nur Musiker, sondern auch Komponist, Textautor und Musikproduzent und st\u00e4ndig auf der Suche nach neuen Ideen. Die meisten Lieder schrieb der Singer-Song\u2013Writer f\u00fcr Shawue und f\u00fchrt sie mit seiner Band auf. Doch hin und wieder sucht er eine gr\u00f6\u00dfere N\u00e4he zum Publikum und trat zun\u00e4chst unter seinem K\u00fcnstlernamen &#8222;Lutz de Shawue&#8220; auf. Er begleitete sich selbst mit der Gitarre, der Mandoline oder Ukulele und spielte dazu Mundharmonika. Irgendwann wurde aus dieser &#8222;one man show&#8220; ein Duo. Seine Frau Heike unterst\u00fctzte ihn zunehmend an der Violine oder am Bass. Der Projektname erweiterte sich auf <strong><em>&#8222;Lutz de Shawue &amp; Heike&#8220;<\/em><\/strong><em>. <\/em>Ihre erste gemeinsame CD <strong>&#8222;de Shawue&#8220;<\/strong> war der Ausl\u00f6ser daf\u00fcr, in Zukunft auch im Bandnamen auf die Vornamen zu verzichten. Also nur noch <strong><em>&#8222;de Shawue\u201c.<\/em><\/strong> Bis dahin ver\u00f6ffentlicht Lutz drei Solo CD\u2019s. Das erstes Duett Album <strong>\u201ede Shawue\u201c<\/strong>\u00a0mit Akustikversionen beliebter Shawue Songs erschien im Herbst 2019.<\/p>\t\t\t\t\t\t\t\t<\/div>\n\t\t\t\t<\/div>\n\t\t\t\t\t<\/div>\n\t\t<\/div>\n\t\t\t\t\t<\/div>\n\t\t<\/section>\n\t\t\t\t<div class=\"elementor-element elementor-element-b15ddcd elementor-widget elementor-widget-spacer\" data-id=\"b15ddcd\" data-element_type=\"widget\" data-e-type=\"widget\" data-widget_type=\"spacer.default\">\n\t\t\t\t<div class=\"elementor-widget-container\">\n\t\t\t\t\t\t\t<div class=\"elementor-spacer\">\n\t\t\t<div class=\"elementor-spacer-inner\"><\/div>\n\t\t<\/div>\n\t\t\t\t\t\t<\/div>\n\t\t\t\t<\/div>\n\t\t\t\t\t<\/div>\n\t\t<\/div>\n\t\t\t\t\t<\/div>\n\t\t<\/section>\n\t\t\t\t<section class=\"elementor-section elementor-top-section elementor-element elementor-element-4ca7283 elementor-section-boxed elementor-section-height-default elementor-section-height-default\" data-id=\"4ca7283\" data-element_type=\"section\" data-e-type=\"section\">\n\t\t\t\t\t\t<div class=\"elementor-container elementor-column-gap-default\">\n\t\t\t\t\t<div class=\"elementor-column elementor-col-100 elementor-top-column elementor-element elementor-element-ac61948\" data-id=\"ac61948\" data-element_type=\"column\" data-e-type=\"column\">\n\t\t\t<div class=\"elementor-widget-wrap elementor-element-populated\">\n\t\t\t\t\t\t<section class=\"elementor-section elementor-inner-section elementor-element elementor-element-de65dca elementor-section-boxed elementor-section-height-default elementor-section-height-default\" data-id=\"de65dca\" data-element_type=\"section\" data-e-type=\"section\">\n\t\t\t\t\t\t<div class=\"elementor-container elementor-column-gap-default\">\n\t\t\t\t\t<div class=\"elementor-column elementor-col-50 elementor-inner-column elementor-element elementor-element-6a42537\" data-id=\"6a42537\" data-element_type=\"column\" data-e-type=\"column\">\n\t\t\t<div class=\"elementor-widget-wrap elementor-element-populated\">\n\t\t\t\t\t\t<div class=\"elementor-element elementor-element-b62bf0e elementor-widget elementor-widget-heading\" data-id=\"b62bf0e\" data-element_type=\"widget\" data-e-type=\"widget\" data-widget_type=\"heading.default\">\n\t\t\t\t<div class=\"elementor-widget-container\">\n\t\t\t\t\t<h2 class=\"elementor-heading-title elementor-size-default\">Das neue Liveprogramm<\/h2>\t\t\t\t<\/div>\n\t\t\t\t<\/div>\n\t\t\t\t<div class=\"elementor-element elementor-element-505137f elementor-widget elementor-widget-text-editor\" data-id=\"505137f\" data-element_type=\"widget\" data-e-type=\"widget\" data-widget_type=\"text-editor.default\">\n\t\t\t\t<div class=\"elementor-widget-container\">\n\t\t\t\t\t\t\t\t\t<p>Mit Corona fielen die Auftritte aber auch die Proben mit der kompletten Band weg. Lutz und Heike nutzten diese Zeit, um das gemeinsame <em>&#8222;Duo Projekt&#8220;<\/em> zu \u00fcberarbeiten. Trotz neuem <em>&#8222;Outfit&#8220;<\/em> und gek\u00fcrzten Bandnamen ist ihre Musik im Grunde gleich geblieben. Das neue Programm steht unter der \u00dcberschrift:&nbsp;<\/p>\t\t\t\t\t\t\t\t<\/div>\n\t\t\t\t<\/div>\n\t\t\t\t<div class=\"elementor-element elementor-element-28f0d93 elementor-widget elementor-widget-heading\" data-id=\"28f0d93\" data-element_type=\"widget\" data-e-type=\"widget\" data-widget_type=\"heading.default\">\n\t\t\t\t<div class=\"elementor-widget-container\">\n\t\t\t\t\t<h2 class=\"elementor-heading-title elementor-size-default\">\"Lieder in den Tonarten des Lebens\"<\/h2>\t\t\t\t<\/div>\n\t\t\t\t<\/div>\n\t\t\t\t<div class=\"elementor-element elementor-element-d93fd87 elementor-widget elementor-widget-text-editor\" data-id=\"d93fd87\" data-element_type=\"widget\" data-e-type=\"widget\" data-widget_type=\"text-editor.default\">\n\t\t\t\t<div class=\"elementor-widget-container\">\n\t\t\t\t\t\t\t\t\t<p>Alle Lieder wurden neu bearbeitet, arrangiert und geprobt. Es umfasst nat\u00fcrlich zahlreiche Songs der bisher ver\u00f6ffentlichten CDs. Die Konzerte von <strong>\u201ede Shawue\u201c<\/strong> sind voll mit Liedern, in denen es liebevoll, kritisch, ironisch, melancholisch, witzig, nachdenklich und manchmal auch anklagend zugeht. Es sind die kleinen und gro\u00dfen Geschichten, wie sie jedem von uns begegnen. Der Einfluss Bob Dylans ist dabei unverkennbar. Im Laufe der Jahre hat Lutz sehr viele Dylan Songs eingedeutscht, wovon viele Teil der Live Auftritte sind. 2012 ver\u00f6ffentlichte er die CD <strong>&#8222;f\u00fcr immer jung&#8220;<\/strong> mit Liedern des Meisters in deutscher Sprache. Aber er befasste sich nicht nur mit Werken aus der Feder des gro\u00dfen amerikanischen Poeten, sondern auch mit Liedern anderer K\u00fcnstler, wie z.B. Bryan Adams, Neil Young, Tom Waits uvm. Lutz versieht diese Songs mit eigenen eingedeutschten Texten und bezeichnet diese Coverversionen gern als <strong>\u201eCo-Produktionen mit anderen K\u00fcnstlern\u201c.<\/strong><\/p>\t\t\t\t\t\t\t\t<\/div>\n\t\t\t\t<\/div>\n\t\t\t\t\t<\/div>\n\t\t<\/div>\n\t\t\t\t<div class=\"elementor-column elementor-col-50 elementor-inner-column elementor-element elementor-element-c7013a2\" data-id=\"c7013a2\" data-element_type=\"column\" data-e-type=\"column\">\n\t\t\t<div class=\"elementor-widget-wrap elementor-element-populated\">\n\t\t\t\t\t\t<div class=\"elementor-element elementor-element-3387a65 elementor-widget elementor-widget-image\" data-id=\"3387a65\" data-element_type=\"widget\" data-e-type=\"widget\" data-widget_type=\"image.default\">\n\t\t\t\t<div class=\"elementor-widget-container\">\n\t\t\t\t\t\t\t\t\t\t\t\t\t\t\t<img decoding=\"async\" width=\"800\" height=\"538\" src=\"https:\/\/www.shawue.de\/wp-content\/uploads\/2019\/02\/Foto-Fb-LdS-1024x688.jpg\" class=\"attachment-large size-large wp-image-3739\" alt=\"\" srcset=\"https:\/\/www.shawue.de\/wp-content\/uploads\/2019\/02\/Foto-Fb-LdS-1024x688.jpg 1024w, https:\/\/www.shawue.de\/wp-content\/uploads\/2019\/02\/Foto-Fb-LdS-scaled-600x403.jpg 600w, https:\/\/www.shawue.de\/wp-content\/uploads\/2019\/02\/Foto-Fb-LdS-300x202.jpg 300w, https:\/\/www.shawue.de\/wp-content\/uploads\/2019\/02\/Foto-Fb-LdS-768x516.jpg 768w, https:\/\/www.shawue.de\/wp-content\/uploads\/2019\/02\/Foto-Fb-LdS-1536x1033.jpg 1536w, https:\/\/www.shawue.de\/wp-content\/uploads\/2019\/02\/Foto-Fb-LdS-2048x1377.jpg 2048w, https:\/\/www.shawue.de\/wp-content\/uploads\/2019\/02\/Foto-Fb-LdS-800x538.jpg 800w, https:\/\/www.shawue.de\/wp-content\/uploads\/2019\/02\/Foto-Fb-LdS-scaled-350x235.jpg 350w\" sizes=\"(max-width: 800px) 100vw, 800px\" \/>\t\t\t\t\t\t\t\t\t\t\t\t\t\t\t<\/div>\n\t\t\t\t<\/div>\n\t\t\t\t\t<\/div>\n\t\t<\/div>\n\t\t\t\t\t<\/div>\n\t\t<\/section>\n\t\t\t\t<div class=\"elementor-element elementor-element-6358e1a elementor-widget elementor-widget-text-editor\" data-id=\"6358e1a\" data-element_type=\"widget\" data-e-type=\"widget\" data-widget_type=\"text-editor.default\">\n\t\t\t\t<div class=\"elementor-widget-container\">\n\t\t\t\t\t\t\t\t\t<h3><strong>DIE CD &#8222;LEINEN LOS&#8220; BEIM GRAND PRIX<\/strong><\/h3>\n<p>Einige dieser \u201eCo-Produktionen&#8220; sind auch auf der CD\u00a0<strong>&#8222;Leinen los!&#8220;<\/strong>\u00a0zu h\u00f6ren. Mit diesem Album gewann Lutz sogar zweimal den\u00a0<strong>internationalen Grand Prix<\/strong>\u00a0der Musikschaffenden (2013 und 2014) und wurde mit dem\u00a0<strong>&#8222;Award der Musikschaffenden&#8220;<\/strong>\u00a0ausgezeichnet.<\/p>\t\t\t\t\t\t\t\t<\/div>\n\t\t\t\t<\/div>\n\t\t\t\t\t<\/div>\n\t\t<\/div>\n\t\t\t\t\t<\/div>\n\t\t<\/section>\n\t\t\t\t<section class=\"elementor-section elementor-top-section elementor-element elementor-element-4ad647b2 elementor-section-boxed elementor-section-height-default elementor-section-height-default\" data-id=\"4ad647b2\" data-element_type=\"section\" data-e-type=\"section\">\n\t\t\t\t\t\t<div class=\"elementor-container elementor-column-gap-default\">\n\t\t\t\t\t<div class=\"elementor-column elementor-col-100 elementor-top-column elementor-element elementor-element-2def402b\" data-id=\"2def402b\" data-element_type=\"column\" data-e-type=\"column\">\n\t\t\t<div class=\"elementor-widget-wrap elementor-element-populated\">\n\t\t\t\t\t\t<div class=\"elementor-element elementor-element-eb47e4a elementor-widget elementor-widget-spacer\" data-id=\"eb47e4a\" data-element_type=\"widget\" data-e-type=\"widget\" data-widget_type=\"spacer.default\">\n\t\t\t\t<div class=\"elementor-widget-container\">\n\t\t\t\t\t\t\t<div class=\"elementor-spacer\">\n\t\t\t<div class=\"elementor-spacer-inner\"><\/div>\n\t\t<\/div>\n\t\t\t\t\t\t<\/div>\n\t\t\t\t<\/div>\n\t\t\t\t<div class=\"elementor-element elementor-element-1f8f728b elementor-widget elementor-widget-text-editor\" data-id=\"1f8f728b\" data-element_type=\"widget\" data-e-type=\"widget\" data-widget_type=\"text-editor.default\">\n\t\t\t\t<div class=\"elementor-widget-container\">\n\t\t\t\t\t\t\t\t\t<p><strong>DIE KONZERTE VON &#8222;DE SHAWUE&#8220;\u00a0SIND IMMER SEHR EMOTIONAL\u00a0UND ENTF\u00dcHREN DIE ZUH\u00d6RER IN FREMDE WELTEN, DIE IHNEN VIELLEICHT DOCH IRGENDWIE BEKANNT VORKOMMEN.<\/strong><\/p>\t\t\t\t\t\t\t\t<\/div>\n\t\t\t\t<\/div>\n\t\t\t\t\t<\/div>\n\t\t<\/div>\n\t\t\t\t\t<\/div>\n\t\t<\/section>\n\t\t\t\t<\/div>\n\t\t","protected":false},"excerpt":{"rendered":"<p>de Shawue de Shawue\u00a0oder doch D\u00e9j\u00e0 vu? Wer de Shawue liest, k\u00f6nnte sich durchaus berechtigt die Frage stellen: &#8222;Wird de Shawue nicht anders geschrieben?\u201c\u00a0 Na klar, aber nur wenn es [&hellip;]<\/p>\n","protected":false},"author":1,"featured_media":0,"parent":0,"menu_order":0,"comment_status":"closed","ping_status":"closed","template":"","meta":{"footnotes":""},"class_list":["post-22","page","type-page","status-publish","hentry"],"_links":{"self":[{"href":"https:\/\/www.shawue.de\/index.php?rest_route=\/wp\/v2\/pages\/22","targetHints":{"allow":["GET"]}}],"collection":[{"href":"https:\/\/www.shawue.de\/index.php?rest_route=\/wp\/v2\/pages"}],"about":[{"href":"https:\/\/www.shawue.de\/index.php?rest_route=\/wp\/v2\/types\/page"}],"author":[{"embeddable":true,"href":"https:\/\/www.shawue.de\/index.php?rest_route=\/wp\/v2\/users\/1"}],"replies":[{"embeddable":true,"href":"https:\/\/www.shawue.de\/index.php?rest_route=%2Fwp%2Fv2%2Fcomments&post=22"}],"version-history":[{"count":12,"href":"https:\/\/www.shawue.de\/index.php?rest_route=\/wp\/v2\/pages\/22\/revisions"}],"predecessor-version":[{"id":5254,"href":"https:\/\/www.shawue.de\/index.php?rest_route=\/wp\/v2\/pages\/22\/revisions\/5254"}],"wp:attachment":[{"href":"https:\/\/www.shawue.de\/index.php?rest_route=%2Fwp%2Fv2%2Fmedia&parent=22"}],"curies":[{"name":"wp","href":"https:\/\/api.w.org\/{rel}","templated":true}]}}