{"id":2995,"date":"2020-12-26T12:58:14","date_gmt":"2020-12-26T11:58:14","guid":{"rendered":"http:\/\/shawue.de\/?page_id=2995"},"modified":"2026-04-19T10:54:54","modified_gmt":"2026-04-19T08:54:54","slug":"news","status":"publish","type":"page","link":"https:\/\/www.shawue.de\/?page_id=2995","title":{"rendered":"News"},"content":{"rendered":"\t\t<div data-elementor-type=\"wp-page\" data-elementor-id=\"2995\" class=\"elementor elementor-2995\" data-elementor-post-type=\"page\">\n\t\t\t\t\t\t<section class=\"elementor-section elementor-top-section elementor-element elementor-element-4d70b86 elementor-section-boxed elementor-section-height-default elementor-section-height-default\" data-id=\"4d70b86\" data-element_type=\"section\" data-e-type=\"section\">\n\t\t\t\t\t\t<div class=\"elementor-container elementor-column-gap-default\">\n\t\t\t\t\t<div class=\"elementor-column elementor-col-100 elementor-top-column elementor-element elementor-element-9ed2b84\" data-id=\"9ed2b84\" data-element_type=\"column\" data-e-type=\"column\">\n\t\t\t<div class=\"elementor-widget-wrap elementor-element-populated\">\n\t\t\t\t\t\t<div class=\"elementor-element elementor-element-0a07645 elementor-widget elementor-widget-spacer\" data-id=\"0a07645\" data-element_type=\"widget\" data-e-type=\"widget\" data-widget_type=\"spacer.default\">\n\t\t\t\t<div class=\"elementor-widget-container\">\n\t\t\t\t\t\t\t<div class=\"elementor-spacer\">\n\t\t\t<div class=\"elementor-spacer-inner\"><\/div>\n\t\t<\/div>\n\t\t\t\t\t\t<\/div>\n\t\t\t\t<\/div>\n\t\t\t\t<div class=\"elementor-element elementor-element-658fa6d elementor-widget elementor-widget-heading\" data-id=\"658fa6d\" data-element_type=\"widget\" data-e-type=\"widget\" data-widget_type=\"heading.default\">\n\t\t\t\t<div class=\"elementor-widget-container\">\n\t\t\t\t\t<h2 class=\"elementor-heading-title elementor-size-default\">Was gibt es neues?<\/h2>\t\t\t\t<\/div>\n\t\t\t\t<\/div>\n\t\t\t\t<section class=\"elementor-section elementor-inner-section elementor-element elementor-element-c69411e elementor-section-boxed elementor-section-height-default elementor-section-height-default\" data-id=\"c69411e\" data-element_type=\"section\" data-e-type=\"section\">\n\t\t\t\t\t\t<div class=\"elementor-container elementor-column-gap-default\">\n\t\t\t\t\t<div class=\"elementor-column elementor-col-50 elementor-inner-column elementor-element elementor-element-9e20a9e\" data-id=\"9e20a9e\" data-element_type=\"column\" data-e-type=\"column\">\n\t\t\t<div class=\"elementor-widget-wrap elementor-element-populated\">\n\t\t\t\t\t\t<div class=\"elementor-element elementor-element-caf43f7 elementor-widget elementor-widget-heading\" data-id=\"caf43f7\" data-element_type=\"widget\" data-e-type=\"widget\" data-widget_type=\"heading.default\">\n\t\t\t\t<div class=\"elementor-widget-container\">\n\t\t\t\t\t<h2 class=\"elementor-heading-title elementor-size-default\">Live<\/h2>\t\t\t\t<\/div>\n\t\t\t\t<\/div>\n\t\t\t\t\t<\/div>\n\t\t<\/div>\n\t\t\t\t<div class=\"elementor-column elementor-col-50 elementor-inner-column elementor-element elementor-element-b5a4653\" data-id=\"b5a4653\" data-element_type=\"column\" data-e-type=\"column\">\n\t\t\t<div class=\"elementor-widget-wrap elementor-element-populated\">\n\t\t\t\t\t\t<div class=\"elementor-element elementor-element-7c38380 elementor-widget__width-initial elementor-widget elementor-widget-text-editor\" data-id=\"7c38380\" data-element_type=\"widget\" data-e-type=\"widget\" data-widget_type=\"text-editor.default\">\n\t\t\t\t<div class=\"elementor-widget-container\">\n\t\t\t\t\t\t\t\t\t<p><a href=\"https:\/\/www.shawue.de\/?tribe_events=pfingstrock-open-air-im-entenfang\"><b>de Shawue &#8211; live <\/b>am <b>22.05.26 <\/b>im <b>&#8222;Entenfang&#8220;,\u00a0<\/b><\/a><a href=\"https:\/\/www.shawue.de\/?tribe_events=pfingstrock-open-air-im-entenfang\">in <strong>Torgau<\/strong>, <\/a><a href=\"https:\/\/www.shawue.de\/?tribe_events=pfingstrock-open-air-im-entenfang\"><b>Er\u00f6ffnung <\/b>des\u00a0<b>Pfingstrock Open Air, <\/b>Beginn: <b>20.00 Uhr<\/b><\/a><\/p><p><a href=\"https:\/\/www.shawue.de\/?tribe_events=privatparty-4\"><strong>Forever Young Tour &#8211; live <\/strong>am <strong>24.05. 26 <\/strong>auf dem<strong> &#8222;Eselhof&#8220; <\/strong>in<strong> Staupitz <\/strong><\/a>(b. Finsterwalde), von <strong>12.00 &#8211; 17.00 Uhr<\/strong><\/p><p><a href=\"https:\/\/www.shawue.de\/?tribe_events=klein-partwitz\"><strong>Shawue &#8211; live <\/strong>am<strong> 24.05.2026 beim Pfingsrock Open Air <\/strong>im<strong> Entenfang <\/strong>in<strong> Torgau,<\/strong><\/a> Beginn:<strong> 22.00 Uhr<\/strong><\/p><p><span style=\"color: #ff0000;\"><a style=\"font-family: var( --e-global-typography-text-font-family ), Sans-serif; font-size: var( --e-global-typography-text-font-size ); font-style: var( --e-global-typography-text-font-style ); font-weight: var( --e-global-typography-text-font-weight ); letter-spacing: var( --e-global-typography-text-letter-spacing ); text-transform: var( --e-global-typography-text-text-transform ); color: #ff0000;\" href=\"https:\/\/www.shawue.de\/?product=rosenrot-und-andere-alte-lieder\"><strong>Viele Angebote <\/strong><\/a><\/span>findet Ihr im<strong><span style=\"color: #ff0000;\"> <a style=\"color: #ff0000;\" href=\"https:\/\/www.shawue.de\/?page_id=4996\">Shop<\/a><\/span><\/strong> auf dieser Seite bzw. bei allen <span style=\"color: #ff0000;\"><strong>&#8222;Shawue&#8220;\u00a0 Konzerten.<\/strong><\/span><\/p>\t\t\t\t\t\t\t\t<\/div>\n\t\t\t\t<\/div>\n\t\t\t\t<div class=\"elementor-element elementor-element-822cd2a elementor-widget elementor-widget-spacer\" data-id=\"822cd2a\" data-element_type=\"widget\" data-e-type=\"widget\" data-widget_type=\"spacer.default\">\n\t\t\t\t<div class=\"elementor-widget-container\">\n\t\t\t\t\t\t\t<div class=\"elementor-spacer\">\n\t\t\t<div class=\"elementor-spacer-inner\"><\/div>\n\t\t<\/div>\n\t\t\t\t\t\t<\/div>\n\t\t\t\t<\/div>\n\t\t\t\t\t<\/div>\n\t\t<\/div>\n\t\t\t\t\t<\/div>\n\t\t<\/section>\n\t\t\t\t<div class=\"elementor-element elementor-element-d5669da elementor-widget elementor-widget-spacer\" data-id=\"d5669da\" data-element_type=\"widget\" data-e-type=\"widget\" data-widget_type=\"spacer.default\">\n\t\t\t\t<div class=\"elementor-widget-container\">\n\t\t\t\t\t\t\t<div class=\"elementor-spacer\">\n\t\t\t<div class=\"elementor-spacer-inner\"><\/div>\n\t\t<\/div>\n\t\t\t\t\t\t<\/div>\n\t\t\t\t<\/div>\n\t\t\t\t<section class=\"elementor-section elementor-inner-section elementor-element elementor-element-577549b elementor-section-boxed elementor-section-height-default elementor-section-height-default\" data-id=\"577549b\" data-element_type=\"section\" data-e-type=\"section\">\n\t\t\t\t\t\t<div class=\"elementor-container elementor-column-gap-default\">\n\t\t\t\t\t<div class=\"elementor-column elementor-col-50 elementor-inner-column elementor-element elementor-element-623a7b8\" data-id=\"623a7b8\" data-element_type=\"column\" data-e-type=\"column\">\n\t\t\t<div class=\"elementor-widget-wrap elementor-element-populated\">\n\t\t\t\t\t\t<div class=\"elementor-element elementor-element-aa75113 elementor-widget elementor-widget-heading\" data-id=\"aa75113\" data-element_type=\"widget\" data-e-type=\"widget\" data-widget_type=\"heading.default\">\n\t\t\t\t<div class=\"elementor-widget-container\">\n\t\t\t\t\t<h2 class=\"elementor-heading-title elementor-size-default\">Was gibt es Neues in unsem Shop<\/h2>\t\t\t\t<\/div>\n\t\t\t\t<\/div>\n\t\t\t\t\t<\/div>\n\t\t<\/div>\n\t\t\t\t<div class=\"elementor-column elementor-col-50 elementor-inner-column elementor-element elementor-element-1ca0e5a\" data-id=\"1ca0e5a\" data-element_type=\"column\" data-e-type=\"column\">\n\t\t\t<div class=\"elementor-widget-wrap elementor-element-populated\">\n\t\t\t\t\t\t<div class=\"elementor-element elementor-element-0bc71f7 elementor-widget__width-initial elementor-widget elementor-widget-text-editor\" data-id=\"0bc71f7\" data-element_type=\"widget\" data-e-type=\"widget\" data-widget_type=\"text-editor.default\">\n\t\t\t\t<div class=\"elementor-widget-container\">\n\t\t\t\t\t\t\t\t\t<p>Nicht nur f\u00fcr unser neues Album <strong>&#8222;Rosenrot und andere alte Lieder&#8220;<\/strong> hatten wir vor einiger Zeit USB Sticks im Kreditkarten Design anfertigen lassen. <br \/>Dieser <span style=\"color: #3366ff;\"><a style=\"color: #3366ff;\" href=\"https:\/\/www.shawue.de\/?product=der-shawue-de-shawue-usb-stick-leer\"><strong>USB Stick<\/strong> <\/a><\/span>ist jetzt auch in unserem Shop als Fan-Artikel (also leer) oder im Zusammenhang mit einer darauf abgespeicherten CD erh\u00e4ltlich.<\/p><p><strong>Der Unterschied zwischen der CD und dem USB-Stick<\/strong> ist, dass sich auf dem USB-Stick eine gr\u00f6\u00dfere Datenmenge befindet, was leider auf einer CD nicht m\u00f6glich ist.\u00a0<br \/>Auf dem Stick befinden sich neben der Musik, in zwei Formaten (CD-Format und MP3-Format) noch mehrere PDF-Dateien mit den Songtexten, ein paar Worten zum Album und einer Druckvorlage f\u00fcr ein CD Cover. Mehr dazu findet Ihr <span style=\"color: #3366ff;\"><a style=\"color: #3366ff;\" href=\"https:\/\/www.shawue.de\/?product=rosenrot-und-andere-alte-lieder\"><strong>hier<\/strong><\/a> <\/span>im Shop.\u00a0<\/p>\t\t\t\t\t\t\t\t<\/div>\n\t\t\t\t<\/div>\n\t\t\t\t\t<\/div>\n\t\t<\/div>\n\t\t\t\t\t<\/div>\n\t\t<\/section>\n\t\t\t\t<div class=\"elementor-element elementor-element-1d8dd1e elementor-widget elementor-widget-spacer\" data-id=\"1d8dd1e\" data-element_type=\"widget\" data-e-type=\"widget\" data-widget_type=\"spacer.default\">\n\t\t\t\t<div class=\"elementor-widget-container\">\n\t\t\t\t\t\t\t<div class=\"elementor-spacer\">\n\t\t\t<div class=\"elementor-spacer-inner\"><\/div>\n\t\t<\/div>\n\t\t\t\t\t\t<\/div>\n\t\t\t\t<\/div>\n\t\t\t\t\t<\/div>\n\t\t<\/div>\n\t\t\t\t\t<\/div>\n\t\t<\/section>\n\t\t\t\t<section class=\"elementor-section elementor-top-section elementor-element elementor-element-c3cefe3 elementor-section-boxed elementor-section-height-default elementor-section-height-default\" data-id=\"c3cefe3\" data-element_type=\"section\" data-e-type=\"section\">\n\t\t\t\t\t\t<div class=\"elementor-container elementor-column-gap-default\">\n\t\t\t\t\t<div class=\"elementor-column elementor-col-100 elementor-top-column elementor-element elementor-element-84e1911\" data-id=\"84e1911\" data-element_type=\"column\" data-e-type=\"column\">\n\t\t\t<div class=\"elementor-widget-wrap elementor-element-populated\">\n\t\t\t\t\t\t<div class=\"elementor-element elementor-element-6cb5797 elementor-widget elementor-widget-heading\" data-id=\"6cb5797\" data-element_type=\"widget\" data-e-type=\"widget\" data-widget_type=\"heading.default\">\n\t\t\t\t<div class=\"elementor-widget-container\">\n\t\t\t\t\t<h2 class=\"elementor-heading-title elementor-size-default\">Immer wieder h\u00f6ren wir den Satz:\u00a0\"H\u00e4tte ich gewusst, dass ihr spielt, w\u00e4re ich doch gekommen.\"\n\nunser Newsletter<\/h2>\t\t\t\t<\/div>\n\t\t\t\t<\/div>\n\t\t\t\t<div class=\"elementor-element elementor-element-a002630 elementor-widget elementor-widget-text-editor\" data-id=\"a002630\" data-element_type=\"widget\" data-e-type=\"widget\" data-widget_type=\"text-editor.default\">\n\t\t\t\t<div class=\"elementor-widget-container\">\n\t\t\t\t\t\t\t\t\t<p>Wir versuchen auf verschieden Wegen die \u00d6ffentlichkeit \u00fcber unsere Aktivit\u00e4ten zu informieren. Neben dieser Website und unserer <a href=\"https:\/\/www.facebook.com\/shawue\/\">Facebook<\/a> Seite, ver\u00f6ffentlichen wir ca.\u00a0<strong>einmal pro Monat einen Newsletter.\u00a0<\/strong>Er wird nat\u00fcrlich auch zus\u00e4tzlich bei kurzfristig geplanten Aktionen rausgeschickt. Diesen Newsletter k\u00f6nnt Ihr problemlos abonnieren bzw. auch wieder k\u00fcndigen indem Ihr einfach eine<strong>\u00a0E-Mail\u00a0<\/strong>(mit einer g\u00fcltigen Mail Adresse, an die der Newsletter gehen soll) an<strong>\u00a0l.neumann@shawue.de\u00a0<\/strong>schickt. Eure Adresse wird in den Verteiler aufgenommen und somit seid Ihr\u00a0<strong>in Sachen &#8222;Shawue&#8220; und &#8222;de Shawue&#8220; immer auf den neuesten Stand.<\/strong>\u00a0Es versteht sich von selbst, dass wir Eure Daten nat\u00fcrlich streng vertraulich behandeln und nicht an Dritte weitergeben.<\/p>\t\t\t\t\t\t\t\t<\/div>\n\t\t\t\t<\/div>\n\t\t\t\t\t<\/div>\n\t\t<\/div>\n\t\t\t\t\t<\/div>\n\t\t<\/section>\n\t\t\t\t<\/div>\n\t\t","protected":false},"excerpt":{"rendered":"<p>Was gibt es neues? Live de Shawue &#8211; live am 22.05.26 im &#8222;Entenfang&#8220;,\u00a0in Torgau, Er\u00f6ffnung des\u00a0Pfingstrock Open Air, Beginn: 20.00 Uhr Forever Young Tour &#8211; live am 24.05. 26 auf [&hellip;]<\/p>\n","protected":false},"author":1,"featured_media":0,"parent":0,"menu_order":0,"comment_status":"closed","ping_status":"closed","template":"","meta":{"footnotes":""},"class_list":["post-2995","page","type-page","status-publish","hentry"],"_links":{"self":[{"href":"https:\/\/www.shawue.de\/index.php?rest_route=\/wp\/v2\/pages\/2995","targetHints":{"allow":["GET"]}}],"collection":[{"href":"https:\/\/www.shawue.de\/index.php?rest_route=\/wp\/v2\/pages"}],"about":[{"href":"https:\/\/www.shawue.de\/index.php?rest_route=\/wp\/v2\/types\/page"}],"author":[{"embeddable":true,"href":"https:\/\/www.shawue.de\/index.php?rest_route=\/wp\/v2\/users\/1"}],"replies":[{"embeddable":true,"href":"https:\/\/www.shawue.de\/index.php?rest_route=%2Fwp%2Fv2%2Fcomments&post=2995"}],"version-history":[{"count":611,"href":"https:\/\/www.shawue.de\/index.php?rest_route=\/wp\/v2\/pages\/2995\/revisions"}],"predecessor-version":[{"id":6943,"href":"https:\/\/www.shawue.de\/index.php?rest_route=\/wp\/v2\/pages\/2995\/revisions\/6943"}],"wp:attachment":[{"href":"https:\/\/www.shawue.de\/index.php?rest_route=%2Fwp%2Fv2%2Fmedia&parent=2995"}],"curies":[{"name":"wp","href":"https:\/\/api.w.org\/{rel}","templated":true}]}}