{"id":140,"date":"2018-05-18T14:23:53","date_gmt":"2018-05-18T14:23:53","guid":{"rendered":"http:\/\/shawue.de\/?product=import-placeholder-for-2776"},"modified":"2022-12-07T19:41:40","modified_gmt":"2022-12-07T18:41:40","slug":"securitylocks-richter-securitylocks","status":"publish","type":"product","link":"https:\/\/www.shawue.de\/?product=securitylocks-richter-securitylocks","title":{"rendered":"Sicherheitsverschl\u00fcsse f\u00fcr Gitarren"},"content":{"rendered":"<h2><span style=\"color: #ff0000;\"><strong>Richter &#8211; Sicherheitsverschl\u00fcsse<\/strong><\/span><\/h2>\n<p><strong>Die Richter-Sicherheitsverschl\u00fcsse sind eine neue Generation von Securitylocks (Befestigungshilfen f\u00fcr Gitarrengurte), die sich in Gr\u00f6\u00dfe, Design und Funktion von herk\u00f6mmlichen Sicherheitsverschl\u00fcssen unterscheiden. <\/strong><strong>Sowohl f\u00fcr Einsteiger, als auch f\u00fcr fortgeschrittene Gitarristen sind diese Locks nicht nur praktisch, sondern auch extrem einfach in ihrer Handhabung konstruiert. Einer von vielen Vorteilen ist zweifelsfrei, dass die angebotenen Sicherheitsverschl\u00fcsse mit einer Vielzahl von Gitarrentypen kompatibel sind. Das hei\u00dft, das m\u00fchevolle Austauschen von Kn\u00f6pfen bzw. nerviges Umbauen der Gitarre sind nicht mehr notwendig. <\/strong><strong style=\"font-size: 1rem;\">Ein zus\u00e4tzlich eingebauter Sperrriegel rundet diese neue Konstruktion ab und gew\u00e4hrleistet h\u00f6chste Sicherheit f\u00fcr Sie und ihr Instrument. <\/strong><\/p>\n<p><strong style=\"font-size: 1rem;\">Hergestellt in Brandenburg.<\/strong><\/p>\n<p><strong>Die Richter &#8211; Sicherheitsverschl\u00fcsse sind mit modernster CNC Technik mechanisch bearbeitet und montiert. Sie bestehen aus Aluminium und wiegen als Paar ca. 50 Gramm. Sowohl die Verschl\u00fcsse, als auch die in dem Set enthaltenen Muttern und <\/strong><strong>Sicherungsscheiben sind schwarz eloxiert. Die beiden dazugeh\u00f6rigen Kn\u00f6pfe sind aus Stahl (verzinkt). Die Bohrung zur Befestigung an der Gitarre wurde bewusst gro\u00df gew\u00e4hlt (Durchmesser: 5 mm), damit diese problemlos an die verschiedensten Gitarrentypen angeschraubt werden k\u00f6nnen. Mithilfe eines integrierten Sperrriegels kann man den Gurt jederzeit schnell durch unkompliziertes &#8222;Klicken&#8220; von der Gitarre trennen. <\/strong><\/p>\n<p><span style=\"color: #ff0000;\"><strong>I<\/strong><strong style=\"font-size: 1rem;\">m angebotenen Set sind jeweils zwei Verschl\u00fcsse f\u00fcr den Anbau an den Gitarrengurt und zwei Kn\u00f6pfe f\u00fcr den Anbau an der Gitarre (falls die an der Gitarre vordenen doch nicht passen) enthalten.<\/strong><\/span><\/p>\n<p><span style=\"color: #ff0000;\"><strong>ACHTUNG! Versand nur per Vorkasse m\u00f6glich!<\/strong><\/span><\/p>\n","protected":false},"excerpt":{"rendered":"<h3><strong>Sicherheitverschl\u00fcsse f\u00fcr Gitarren<\/strong><\/h3>\n<p>&nbsp;<\/p>\n","protected":false},"featured_media":3629,"template":"","meta":[],"product_brand":[],"product_cat":[18],"product_tag":[],"class_list":{"0":"post-140","1":"product","2":"type-product","3":"status-publish","4":"has-post-thumbnail","6":"product_cat-sonstiges","8":"first","9":"instock","10":"shipping-taxable","11":"purchasable","12":"product-type-simple"},"_links":{"self":[{"href":"https:\/\/www.shawue.de\/index.php?rest_route=\/wp\/v2\/product\/140","targetHints":{"allow":["GET"]}}],"collection":[{"href":"https:\/\/www.shawue.de\/index.php?rest_route=\/wp\/v2\/product"}],"about":[{"href":"https:\/\/www.shawue.de\/index.php?rest_route=\/wp\/v2\/types\/product"}],"version-history":[{"count":0,"href":"https:\/\/www.shawue.de\/index.php?rest_route=\/wp\/v2\/product\/140\/revisions"}],"wp:featuredmedia":[{"embeddable":true,"href":"https:\/\/www.shawue.de\/index.php?rest_route=\/wp\/v2\/media\/3629"}],"wp:attachment":[{"href":"https:\/\/www.shawue.de\/index.php?rest_route=%2Fwp%2Fv2%2Fmedia&parent=140"}],"wp:term":[{"taxonomy":"product_brand","embeddable":true,"href":"https:\/\/www.shawue.de\/index.php?rest_route=%2Fwp%2Fv2%2Fproduct_brand&post=140"},{"taxonomy":"product_cat","embeddable":true,"href":"https:\/\/www.shawue.de\/index.php?rest_route=%2Fwp%2Fv2%2Fproduct_cat&post=140"},{"taxonomy":"product_tag","embeddable":true,"href":"https:\/\/www.shawue.de\/index.php?rest_route=%2Fwp%2Fv2%2Fproduct_tag&post=140"}],"curies":[{"name":"wp","href":"https:\/\/api.w.org\/{rel}","templated":true}]}}