{"id":84,"date":"2018-05-18T14:23:40","date_gmt":"2018-05-18T14:23:40","guid":{"rendered":"http:\/\/shawue.de\/?product=import-placeholder-for-199"},"modified":"2024-11-24T12:41:55","modified_gmt":"2024-11-24T11:41:55","slug":"30-jahre-shawue","status":"publish","type":"product","link":"https:\/\/www.shawue.de\/?product=30-jahre-shawue","title":{"rendered":"&#8222;30 Jahre&#8220; &#8211;  Shawue"},"content":{"rendered":"<h4><strong>Diese CD ist das\u00a0Jubil\u00e4umsalbum zum 30 j\u00e4hrigen Bestehen\u00a0von Shawue.\u00a0<\/strong><\/h4>\n<p><strong>Sie enth\u00e4lt 18 Songs und\u00a0komplettiert die Hit Sammlung der \u201e20 Jahre\u201c CD.<\/strong><\/p>\n<p><strong>Au\u00dferdem\u00a0enth\u00e4lt sie die f\u00fcnf bisher unver\u00f6ffentlichte Lieder<\/strong><\/p>\n<ul>\n<li><strong>Schwarz und wei\u00df<\/strong><\/li>\n<li><strong>Traumt\u00e4nzer<\/strong><\/li>\n<li><strong>Meine anderen Seiten<\/strong><\/li>\n<li><strong>Denk nicht nach, es ist schon gut<\/strong><\/li>\n<li><strong>Die Wunschliste<\/strong><\/li>\n<\/ul>\n<p><strong> und eine Akustikversion\u00a0<\/strong><strong>der Ballade\u00a0\u201eBunte Sterne\u201c.\u00a0\u00a0\u00a0\u00a0\u00a0\u00a0\u00a0\u00a0\u00a0\u00a0\u00a0\u00a0\u00a0\u00a0\u00a0\u00a0\u00a0\u00a0\u00a0\u00a0\u00a0\u00a0\u00a0\u00a0\u00a0\u00a0\u00a0\u00a0\u00a0\u00a0\u00a0\u00a0\u00a0\u00a0\u00a0\u00a0\u00a0\u00a0\u00a0\u00a0\u00a0\u00a0\u00a0\u00a0\u00a0\u00a0\u00a0\u00a0\u00a0\u00a0\u00a0\u00a0\u00a0\u00a0\u00a0\u00a0\u00a0\u00a0\u00a0\u00a0\u00a0\u00a0\u00a0\u00a0\u00a0\u00a0\u00a0\u00a0\u00a0\u00a0\u00a0\u00a0\u00a0\u00a0\u00a0\u00a0\u00a0\u00a0\u00a0\u00a0\u00a0\u00a0\u00a0\u00a0\u00a0\u00a0\u00a0\u00a0\u00a0\u00a0\u00a0\u00a0\u00a0\u00a0<\/strong><\/p>\n<p><strong>Eine Titelliste, sowie die Songtexte findest Du\u00a0unter \u201eSONGTEXTE\u201c oder klick hier:<span style=\"color: #ff0000;\"> <a style=\"color: #ff0000;\" href=\"https:\/\/shawue.de\/?p=1946\" target=\"_blank\" rel=\"noopener noreferrer\">30 Jahre<\/a>\u00a0\u00a0\u00a0\u00a0\u00a0\u00a0\u00a0\u00a0\u00a0\u00a0\u00a0\u00a0\u00a0\u00a0\u00a0\u00a0\u00a0\u00a0\u00a0<\/span>\u00a0\u00a0\u00a0\u00a0\u00a0\u00a0\u00a0\u00a0\u00a0\u00a0\u00a0\u00a0\u00a0\u00a0<\/strong><\/p>\n<p><strong>H\u00f6rproben von allen Songs unter \u201eSOUNDCLOUD\u201c oder Klick hier:\u00a0<span style=\"color: #ff0000;\"> <a style=\"color: #ff0000;\" href=\"https:\/\/soundcloud.com\/user-905949836\" target=\"_blank\" rel=\"noopener noreferrer\">H\u00f6rproben<\/a><\/span><\/strong><\/p>\n<p><strong>2017 &#8211; Folk Winks Produktion<\/strong><\/p>\n<p><span style=\"color: #ff0000;\"><strong>ACHTUNG! Versand nur per Vorkasse m\u00f6glich!<\/strong><\/span><\/p>\n<p>&nbsp;<\/p>\n<p>&nbsp;<\/p>\n<p>&nbsp;<\/p>\n<p>&nbsp;<\/p>\n","protected":false},"excerpt":{"rendered":"<p><strong>Die CD zum 30 j\u00e4hrigen Bestehen von Shawue<\/strong><\/p>\n","protected":false},"featured_media":3526,"template":"","meta":[],"product_brand":[],"product_cat":[17],"product_tag":[],"class_list":{"0":"post-84","1":"product","2":"type-product","3":"status-publish","4":"has-post-thumbnail","6":"product_cat-cds","8":"first","9":"instock","10":"featured","11":"shipping-taxable","12":"purchasable","13":"product-type-simple"},"_links":{"self":[{"href":"https:\/\/www.shawue.de\/index.php?rest_route=\/wp\/v2\/product\/84","targetHints":{"allow":["GET"]}}],"collection":[{"href":"https:\/\/www.shawue.de\/index.php?rest_route=\/wp\/v2\/product"}],"about":[{"href":"https:\/\/www.shawue.de\/index.php?rest_route=\/wp\/v2\/types\/product"}],"version-history":[{"count":2,"href":"https:\/\/www.shawue.de\/index.php?rest_route=\/wp\/v2\/product\/84\/revisions"}],"predecessor-version":[{"id":5859,"href":"https:\/\/www.shawue.de\/index.php?rest_route=\/wp\/v2\/product\/84\/revisions\/5859"}],"wp:featuredmedia":[{"embeddable":true,"href":"https:\/\/www.shawue.de\/index.php?rest_route=\/wp\/v2\/media\/3526"}],"wp:attachment":[{"href":"https:\/\/www.shawue.de\/index.php?rest_route=%2Fwp%2Fv2%2Fmedia&parent=84"}],"wp:term":[{"taxonomy":"product_brand","embeddable":true,"href":"https:\/\/www.shawue.de\/index.php?rest_route=%2Fwp%2Fv2%2Fproduct_brand&post=84"},{"taxonomy":"product_cat","embeddable":true,"href":"https:\/\/www.shawue.de\/index.php?rest_route=%2Fwp%2Fv2%2Fproduct_cat&post=84"},{"taxonomy":"product_tag","embeddable":true,"href":"https:\/\/www.shawue.de\/index.php?rest_route=%2Fwp%2Fv2%2Fproduct_tag&post=84"}],"curies":[{"name":"wp","href":"https:\/\/api.w.org\/{rel}","templated":true}]}}