{"id":86,"date":"2018-05-18T14:23:40","date_gmt":"2018-05-18T14:23:40","guid":{"rendered":"http:\/\/shawue.de\/?product=import-placeholder-for-250"},"modified":"2025-10-31T10:01:28","modified_gmt":"2025-10-31T09:01:28","slug":"shawue-live","status":"publish","type":"product","link":"https:\/\/www.shawue.de\/?product=shawue-live","title":{"rendered":"&#8222;Live&#8220; &#8211; Shawue"},"content":{"rendered":"<p><strong>Diese CD enth\u00e4lt Livemitschnitte vom Weihnachtskonzert 2013 im \u201eDorfgefl\u00fcster\u201c Reichwalde\u00a0und vom Radio Konzert 2014.<br \/>\nHier sind nat\u00fcrlich viele Shawue Songs zu h\u00f6ren aber auch eine neunmin\u00fctige Version des <u>BAP <\/u>Klassikers &#8222;Eins f\u00fcr Carmen un en Insel&#8220;. Dieser Song ist wegen seinem au\u00dfergew\u00f6hnlichen und virtuos gespielten Mandolinen Solo am Ende zu einer Art Markenzeichen f\u00fcr Shawue geworden und darf auf keinem Shawue Konzert fehlen. <\/strong><strong>Au\u00dferdem ist die Shawue Version des <u>Dritte Wahl<\/u> Songs &#8222;Zeit bleib stehen\u201c auf dieser CD festgehalten.<\/strong><\/p>\n<p><strong>Eine Titelliste, sowie die Songtexte findest Du unter \u201eSONGTEXTE\u201c oder klick hier:<a href=\"https:\/\/shawue.de\/?p=1943\" target=\"_blank\" rel=\"noopener noreferrer\"><span style=\"color: #ff0000;\">\u00a0Shawue<\/span> <span style=\"color: #ff0000;\">Live<\/span><\/a><span style=\"color: #ff0000;\">\u00a0\u00a0\u00a0\u00a0\u00a0\u00a0\u00a0<\/span>\u00a0\u00a0\u00a0\u00a0\u00a0\u00a0\u00a0\u00a0\u00a0\u00a0\u00a0\u00a0\u00a0\u00a0\u00a0\u00a0\u00a0\u00a0\u00a0\u00a0\u00a0\u00a0\u00a0\u00a0\u00a0\u00a0\u00a0\u00a0<\/strong><\/p>\n<p><strong>H\u00f6rproben von allen Songs unter \u201eSOUNDCLOUD\u201c oder klick hier: <span style=\"color: #ff0000;\"><a style=\"color: #ff0000;\" href=\"https:\/\/soundcloud.com\/user-905949836\" target=\"_blank\" rel=\"noopener noreferrer\">H\u00f6rproben<\/a><\/span><\/strong><\/p>\n<p><strong>\u00a0<\/strong><strong>2014 Folk Wings Produktion<\/strong><\/p>\n<p><span style=\"color: #ff0000;\"><strong>ACHTUNG! Versand nur per Vorkasse m\u00f6glich!<\/strong><\/span><\/p>\n<p><strong>\u00a0<\/strong><\/p>\n<p>&nbsp;<\/p>\n<p>&nbsp;<\/p>\n","protected":false},"excerpt":{"rendered":"<p><span style=\"color: #00ffff;\"><strong>Die erste Live CD von Shawue<\/strong><\/span><a class=\"article_description\"><br \/>\n<\/a><\/p>\n<p>&nbsp;<\/p>\n","protected":false},"featured_media":3618,"template":"","meta":[],"product_brand":[],"product_cat":[17],"product_tag":[],"class_list":{"0":"post-86","1":"product","2":"type-product","3":"status-publish","4":"has-post-thumbnail","6":"product_cat-cds","8":"first","9":"instock","10":"sale","11":"shipping-taxable","12":"purchasable","13":"product-type-simple"},"_links":{"self":[{"href":"https:\/\/www.shawue.de\/index.php?rest_route=\/wp\/v2\/product\/86","targetHints":{"allow":["GET"]}}],"collection":[{"href":"https:\/\/www.shawue.de\/index.php?rest_route=\/wp\/v2\/product"}],"about":[{"href":"https:\/\/www.shawue.de\/index.php?rest_route=\/wp\/v2\/types\/product"}],"version-history":[{"count":5,"href":"https:\/\/www.shawue.de\/index.php?rest_route=\/wp\/v2\/product\/86\/revisions"}],"predecessor-version":[{"id":5740,"href":"https:\/\/www.shawue.de\/index.php?rest_route=\/wp\/v2\/product\/86\/revisions\/5740"}],"wp:featuredmedia":[{"embeddable":true,"href":"https:\/\/www.shawue.de\/index.php?rest_route=\/wp\/v2\/media\/3618"}],"wp:attachment":[{"href":"https:\/\/www.shawue.de\/index.php?rest_route=%2Fwp%2Fv2%2Fmedia&parent=86"}],"wp:term":[{"taxonomy":"product_brand","embeddable":true,"href":"https:\/\/www.shawue.de\/index.php?rest_route=%2Fwp%2Fv2%2Fproduct_brand&post=86"},{"taxonomy":"product_cat","embeddable":true,"href":"https:\/\/www.shawue.de\/index.php?rest_route=%2Fwp%2Fv2%2Fproduct_cat&post=86"},{"taxonomy":"product_tag","embeddable":true,"href":"https:\/\/www.shawue.de\/index.php?rest_route=%2Fwp%2Fv2%2Fproduct_tag&post=86"}],"curies":[{"name":"wp","href":"https:\/\/api.w.org\/{rel}","templated":true}]}}