{"id":89,"date":"2018-05-18T14:23:40","date_gmt":"2018-05-18T14:23:40","guid":{"rendered":"http:\/\/shawue.de\/?product=import-placeholder-for-256"},"modified":"2026-01-23T19:05:06","modified_gmt":"2026-01-23T18:05:06","slug":"silbermond","status":"publish","type":"product","link":"https:\/\/www.shawue.de\/?product=silbermond","title":{"rendered":"&#8222;Silbermond&#8220; &#8211; Shawue"},"content":{"rendered":"<p><strong>Diese CD sollte im echtem Vintage-Sound eingespielt werden. Also mit alter R\u00f6hrentechnik f\u00fcr den Sound und den nat\u00fcrlich mit einer 24-Spur-Bandmaschine aufgenommen.<\/strong>\u00a0<strong>So suchte die Band nach einem Tonstudio, dass noch die technische Ausr\u00fcstung daf\u00fcr hatte. <\/strong><strong>Sie fand es auf der Urlaubsinsel Mallorca, das Sonic Temple Studio.<\/strong><\/p>\n<p><strong>Das Album enth\u00e4lt 17 Songs, in einer gro\u00dfen stilistischen und instrumentalen Vielfalt. <\/strong><strong>Diese\u00a0reicht vom \u201eSinger-Songwriter Lied\u201c \u00fcber \u201eHeimatlieder im Metall-Gewand\u201c bis hin zum Rap. <\/strong><strong>Neben ihren \u201eklassischen\u201c Instrumenten (div. Gitarren, Mandolinen, Bass und Schlagzeug) setzten die Musiker <\/strong><strong>u. a. ein Cello, ein Didgeridoo und Turntables ein.<\/strong><\/p>\n<p><strong>Das Lied <u>\u201eSilbermond\u201c<\/u> und die Shawue Version des Stoppok Songs <u>\u201eEin Wort\u201c<\/u> entwickelten sich zum Publikumsliebling.<\/strong><\/p>\n<p><strong><u>\u201eDer kalte Wind\u201c<\/u> stammt aus dem Jahr 1999 und wurde\u00a0zum Andenken an den ehemaligen Shawue-Gitarristen \u201eJames\u201c mit auf diese CD genommen. Es ist das letzte Lied, das Shawue mit ihm aufnahm. Er verstarb im Fr\u00fchjahr 2003.<\/strong><\/p>\n<p><strong>Der letzte Song\u00a0 &#8222;Respeto&#8220; ist eine Live Session mit dem mallorquinischen Rapper Charlie Preis und dem ebenfalls von der Insel stammenden S\u00e4nger Paco Ledesma Bibiloni.<\/strong><\/p>\n<p><strong>Eine Titelliste, sowie die Songtexte findest\u00a0Du\u00a0unter \u201eSONGTEXTE\u201c oder klick hier: <\/strong><strong><span style=\"color: #ff0000;\"><a style=\"color: #ff0000;\" href=\"https:\/\/shawue.de\/?p=1916\" target=\"_blank\" rel=\"noopener noreferrer\">Silbermond<\/a>\u00a0\u00a0\u00a0\u00a0\u00a0\u00a0\u00a0\u00a0<\/span>\u00a0\u00a0\u00a0\u00a0\u00a0\u00a0\u00a0\u00a0\u00a0\u00a0\u00a0\u00a0\u00a0\u00a0\u00a0\u00a0\u00a0\u00a0\u00a0\u00a0\u00a0\u00a0\u00a0\u00a0\u00a0\u00a0\u00a0<\/strong><\/p>\n<p><strong>H\u00f6rproben von allen Songs unter \u201eSOUNDCLOUD\u201c oder klick hier: <\/strong><span style=\"color: #ff0000;\"><strong><a style=\"color: #ff0000;\" href=\"https:\/\/soundcloud.com\/user-905949836\" target=\"_blank\" rel=\"noopener noreferrer\">H\u00f6rproben<\/a><\/strong><\/span><\/p>\n<p><strong>2003 &#8211; Folk Wings Produktion<\/strong><\/p>\n<p><span style=\"color: #ff0000;\"><strong>ACHTUNG! Versand nur per Vorkasse m\u00f6glich!<\/strong><\/span><\/p>\n<p>&nbsp;<\/p>\n<p>&nbsp;<\/p>\n","protected":false},"excerpt":{"rendered":"<p><span style=\"color: #00ffff;\"><strong>Die stilistisch vielf\u00e4ltigste CD von Shawue!<\/strong><\/span><\/p>\n<p><span style=\"color: #00ffff;\"><strong>17 Songs\u00a0<\/strong><\/span><\/p>\n","protected":false},"featured_media":3516,"template":"","meta":[],"product_brand":[],"product_cat":[17],"product_tag":[],"class_list":{"0":"post-89","1":"product","2":"type-product","3":"status-publish","4":"has-post-thumbnail","6":"product_cat-cds","8":"first","9":"instock","10":"sale","11":"shipping-taxable","12":"purchasable","13":"product-type-simple"},"_links":{"self":[{"href":"https:\/\/www.shawue.de\/index.php?rest_route=\/wp\/v2\/product\/89","targetHints":{"allow":["GET"]}}],"collection":[{"href":"https:\/\/www.shawue.de\/index.php?rest_route=\/wp\/v2\/product"}],"about":[{"href":"https:\/\/www.shawue.de\/index.php?rest_route=\/wp\/v2\/types\/product"}],"version-history":[{"count":7,"href":"https:\/\/www.shawue.de\/index.php?rest_route=\/wp\/v2\/product\/89\/revisions"}],"predecessor-version":[{"id":5857,"href":"https:\/\/www.shawue.de\/index.php?rest_route=\/wp\/v2\/product\/89\/revisions\/5857"}],"wp:featuredmedia":[{"embeddable":true,"href":"https:\/\/www.shawue.de\/index.php?rest_route=\/wp\/v2\/media\/3516"}],"wp:attachment":[{"href":"https:\/\/www.shawue.de\/index.php?rest_route=%2Fwp%2Fv2%2Fmedia&parent=89"}],"wp:term":[{"taxonomy":"product_brand","embeddable":true,"href":"https:\/\/www.shawue.de\/index.php?rest_route=%2Fwp%2Fv2%2Fproduct_brand&post=89"},{"taxonomy":"product_cat","embeddable":true,"href":"https:\/\/www.shawue.de\/index.php?rest_route=%2Fwp%2Fv2%2Fproduct_cat&post=89"},{"taxonomy":"product_tag","embeddable":true,"href":"https:\/\/www.shawue.de\/index.php?rest_route=%2Fwp%2Fv2%2Fproduct_tag&post=89"}],"curies":[{"name":"wp","href":"https:\/\/api.w.org\/{rel}","templated":true}]}}