{"id":90,"date":"2018-05-18T14:23:40","date_gmt":"2018-05-18T14:23:40","guid":{"rendered":"http:\/\/shawue.de\/?product=import-placeholder-for-258"},"modified":"2026-01-23T19:05:06","modified_gmt":"2026-01-23T18:05:06","slug":"erinnerung","status":"publish","type":"product","link":"https:\/\/www.shawue.de\/?product=erinnerung","title":{"rendered":"&#8222;Erinnerung&#8220; &#8211; Shawue &#8211; Report Cottbus &#8211; Balladeer"},"content":{"rendered":"<h4><strong>Die CD stellte Lutz anl\u00e4sslich seines 25j\u00e4hrigen B\u00fchnenjubil\u00e4ums zusammen.<\/strong><br \/>\n<b>Sie beinhaltet neben eigens f\u00fcr diese CD geschriebenen Songs, unver\u00f6ffentlichtes Liedmaterial aus den Anfangsjahren von SHAWUE.\u00a0<\/b><\/h4>\n<h4><strong>Das Lied <span style=\"color: #ff0000;\">\u201eDer Wald\u201c<\/span> schaffte es Anfang der 1990iger Jahre auf einen Sampler, der in den USA erschien. <\/strong><b>Dieser Sampler beinhaltet ausschlie\u00dflich deutschsprachige Songs und diente als Lehrmaterial f\u00fcr den Deutschunterricht an amerikanischen Schulen.\u00a0<\/b><\/h4>\n<h4><strong>Desweiteren findet Ihr hier Songs aus seiner Zeit bei \u201eREPORT COTTBUS\u201c.\u00a0 So auch den Hit <span style=\"color: #ff0000;\"><a style=\"color: #ff0000;\" href=\"https:\/\/www.youtube.com\/watch?v=hUMwRyz8i9U\" target=\"_blank\" rel=\"noopener noreferrer\">\u201eErinnerung\u201c<span style=\"color: #000000;\">,<\/span><\/a><\/span> mit dem \u201eREPORT COTTBUS\u201c einst die DDR Charts anf\u00fchrte und der mit seinem wundervoll melodischen Mandolinen-Thema ein absoluter Ohrwurm ist.\u00a0<\/strong><\/h4>\n<h4><strong>Nat\u00fcrlich sind auf dieser CD auch Lieder seiner legend\u00e4ren Folk- (Underground-) Rockband BALLADEER verewigt. Wie zum Beispiel<span style=\"color: #ff0000;\"> &#8222;Wer hat das gebaut?&#8220; <\/span><\/strong><strong>ein Lied, das in der DDR auf dem Index stand und nicht \u00f6ffentlich aufgef\u00fchrt werden durfte.\u00a0<\/strong><\/h4>\n<h4><strong>Eine Titelliste, sowie die Songtexte findest Du unter \u201eSONGTEXTE\u201c oder klick hier: <\/strong><strong><span style=\"color: #ff0000;\"><a style=\"color: #ff0000;\" href=\"https:\/\/shawue.de\/?p=1913\" target=\"_blank\" rel=\"noopener noreferrer\">\u00a0Erinnerung<\/a>\u00a0\u00a0\u00a0\u00a0\u00a0\u00a0\u00a0\u00a0\u00a0\u00a0\u00a0\u00a0\u00a0\u00a0\u00a0\u00a0\u00a0<\/span>\u00a0\u00a0\u00a0\u00a0\u00a0\u00a0\u00a0\u00a0\u00a0\u00a0\u00a0\u00a0\u00a0\u00a0\u00a0\u00a0\u00a0\u00a0\u00a0<\/strong><\/h4>\n<p><strong>H\u00f6rproben von allen Songs unter \u201eSOUNDCLOUD\u201c oder klick hier: <\/strong><span style=\"color: #ff0000;\"><strong><a style=\"color: #ff0000;\" href=\"https:\/\/soundcloud.com\/user-905949836\" target=\"_blank\" rel=\"noopener noreferrer\">H\u00f6rproben<\/a><\/strong><\/span><\/p>\n<p><strong>2000 &#8211; Folk Wings Produktion<\/strong><\/p>\n<p><span style=\"color: #ff0000;\"><strong>ACHTUNG! Versand nur per Vorkasse m\u00f6glich!<\/strong><\/span><\/p>\n","protected":false},"excerpt":{"rendered":"<p><span style=\"color: #ffffff;\"><a class=\"article_description\" style=\"color: #ffffff;\"><strong>Das ist CD, die Lutz zu seinem 25 j\u00e4hrigen B\u00fchnenjubil\u00e4um ver\u00f6ffentlichte.<\/strong><br \/>\n<strong>Mit\u00a0Songs von Shawue, Report Cottbus und Balladeer.<\/strong><\/a><\/span><\/p>\n","protected":false},"featured_media":3523,"template":"","meta":[],"product_brand":[],"product_cat":[17],"product_tag":[],"class_list":{"0":"post-90","1":"product","2":"type-product","3":"status-publish","4":"has-post-thumbnail","6":"product_cat-cds","8":"first","9":"instock","10":"sale","11":"shipping-taxable","12":"purchasable","13":"product-type-simple"},"_links":{"self":[{"href":"https:\/\/www.shawue.de\/index.php?rest_route=\/wp\/v2\/product\/90","targetHints":{"allow":["GET"]}}],"collection":[{"href":"https:\/\/www.shawue.de\/index.php?rest_route=\/wp\/v2\/product"}],"about":[{"href":"https:\/\/www.shawue.de\/index.php?rest_route=\/wp\/v2\/types\/product"}],"version-history":[{"count":2,"href":"https:\/\/www.shawue.de\/index.php?rest_route=\/wp\/v2\/product\/90\/revisions"}],"predecessor-version":[{"id":5862,"href":"https:\/\/www.shawue.de\/index.php?rest_route=\/wp\/v2\/product\/90\/revisions\/5862"}],"wp:featuredmedia":[{"embeddable":true,"href":"https:\/\/www.shawue.de\/index.php?rest_route=\/wp\/v2\/media\/3523"}],"wp:attachment":[{"href":"https:\/\/www.shawue.de\/index.php?rest_route=%2Fwp%2Fv2%2Fmedia&parent=90"}],"wp:term":[{"taxonomy":"product_brand","embeddable":true,"href":"https:\/\/www.shawue.de\/index.php?rest_route=%2Fwp%2Fv2%2Fproduct_brand&post=90"},{"taxonomy":"product_cat","embeddable":true,"href":"https:\/\/www.shawue.de\/index.php?rest_route=%2Fwp%2Fv2%2Fproduct_cat&post=90"},{"taxonomy":"product_tag","embeddable":true,"href":"https:\/\/www.shawue.de\/index.php?rest_route=%2Fwp%2Fv2%2Fproduct_tag&post=90"}],"curies":[{"name":"wp","href":"https:\/\/api.w.org\/{rel}","templated":true}]}}