{"id":99,"date":"2018-05-18T14:23:42","date_gmt":"2018-05-18T14:23:42","guid":{"rendered":"http:\/\/shawue.de\/?product=import-placeholder-for-276"},"modified":"2026-04-26T09:22:34","modified_gmt":"2026-04-26T07:22:34","slug":"american-t-shirt","status":"publish","type":"product","link":"https:\/\/www.shawue.de\/?product=american-t-shirt","title":{"rendered":"American T-Shirt-beidseitig bedruckt"},"content":{"rendered":"<p><a class=\"article_description\">A<strong>merican T-Shirt Schwarz \/\/ vorn und hinten bedruckt<\/strong><br \/>\n<strong>Erh\u00e4ltlich in den Gr\u00f6\u00dfen:\u00a0 S; M; L; XL; XXL\u00a0<\/strong><br \/>\n<strong>Aufdruck vorn: Shawue Logo (klein)<\/strong><br \/>\n<strong>Aufdruck hinten:Shawue Logo (gro\u00df) &#8222;die Nacht st\u00fcrzt vom Himmel auf dich ein&#8220;<\/strong><\/a><\/p>\n<p><span style=\"color: #ff0000;\"><strong>ACHTUNG! Versand nur per Vorkasse m\u00f6glich!<\/strong><\/span><\/p>\n","protected":false},"excerpt":{"rendered":"<p>American T-Shirt<\/p>\n<p>In den Gr\u00f6\u00dfen: S; M; L; XL; XXL<\/p>\n","protected":false},"featured_media":6763,"template":"","meta":[],"product_brand":[],"product_cat":[19],"product_tag":[],"class_list":{"0":"post-99","1":"product","2":"type-product","3":"status-publish","4":"has-post-thumbnail","6":"product_cat-klamotten","8":"first","9":"instock","10":"shipping-taxable","11":"purchasable","12":"product-type-variable"},"_links":{"self":[{"href":"https:\/\/www.shawue.de\/index.php?rest_route=\/wp\/v2\/product\/99","targetHints":{"allow":["GET"]}}],"collection":[{"href":"https:\/\/www.shawue.de\/index.php?rest_route=\/wp\/v2\/product"}],"about":[{"href":"https:\/\/www.shawue.de\/index.php?rest_route=\/wp\/v2\/types\/product"}],"version-history":[{"count":11,"href":"https:\/\/www.shawue.de\/index.php?rest_route=\/wp\/v2\/product\/99\/revisions"}],"predecessor-version":[{"id":6956,"href":"https:\/\/www.shawue.de\/index.php?rest_route=\/wp\/v2\/product\/99\/revisions\/6956"}],"wp:featuredmedia":[{"embeddable":true,"href":"https:\/\/www.shawue.de\/index.php?rest_route=\/wp\/v2\/media\/6763"}],"wp:attachment":[{"href":"https:\/\/www.shawue.de\/index.php?rest_route=%2Fwp%2Fv2%2Fmedia&parent=99"}],"wp:term":[{"taxonomy":"product_brand","embeddable":true,"href":"https:\/\/www.shawue.de\/index.php?rest_route=%2Fwp%2Fv2%2Fproduct_brand&post=99"},{"taxonomy":"product_cat","embeddable":true,"href":"https:\/\/www.shawue.de\/index.php?rest_route=%2Fwp%2Fv2%2Fproduct_cat&post=99"},{"taxonomy":"product_tag","embeddable":true,"href":"https:\/\/www.shawue.de\/index.php?rest_route=%2Fwp%2Fv2%2Fproduct_tag&post=99"}],"curies":[{"name":"wp","href":"https:\/\/api.w.org\/{rel}","templated":true}]}}